{"id":315,"date":"2021-12-07T10:45:36","date_gmt":"2021-12-07T09:45:36","guid":{"rendered":"https:\/\/www.ciam82.com\/website\/?page_id=315"},"modified":"2022-01-25T10:18:11","modified_gmt":"2022-01-25T09:18:11","slug":"bovin","status":"publish","type":"page","link":"https:\/\/www.ciam82.com\/website\/services\/bovin\/","title":{"rendered":"Bovin"},"content":{"rendered":"<div class=\"vce-row-container\" data-vce-boxed-width=\"true\"><div class=\"vce-row vce-row--col-gap-30 vce-row-equal-height vce-row-content--top\" id=\"el-cbe9dd51\" data-vce-do-apply=\"all el-cbe9dd51\"><div class=\"vce-row-content\" data-vce-element-content=\"true\"><div class=\"vce-col vce-col--md-auto vce-col--xs-1 vce-col--xs-last vce-col--xs-first vce-col--sm-last vce-col--sm-first vce-col--md-last vce-col--lg-last vce-col--xl-last vce-col--md-first vce-col--lg-first vce-col--xl-first\" id=\"el-4782f708\"><div class=\"vce-col-inner\" data-vce-do-apply=\"border margin background  el-4782f708\"><div class=\"vce-col-content\" data-vce-element-content=\"true\" data-vce-do-apply=\"padding el-4782f708\"><\/div><\/div><\/div><\/div><\/div><\/div><div class=\"vce-row-container\" data-vce-boxed-width=\"true\"><div class=\"vce-row vce-row--col-gap-30 vce-row-equal-height vce-row-content--top\" id=\"el-25f1f108\" data-vce-do-apply=\"all el-25f1f108\"><div class=\"vce-row-content\" data-vce-element-content=\"true\"><div class=\"vce-col vce-col--md-auto vce-col--xs-1 vce-col--xs-last vce-col--xs-first vce-col--sm-last vce-col--sm-first vce-col--md-last vce-col--lg-last vce-col--xl-last vce-col--md-first vce-col--lg-first vce-col--xl-first\" id=\"el-715b74b7\"><div class=\"vce-col-inner\" data-vce-do-apply=\"border margin background  el-715b74b7\"><div class=\"vce-col-content\" data-vce-element-content=\"true\" data-vce-do-apply=\"padding el-715b74b7\"><div class=\"vce-text-block\"><div class=\"vce-text-block-wrapper vce\" id=\"el-bd2a7766\" data-vce-do-apply=\"all el-bd2a7766\"><h2 style=\"text-align: center;\"><span style=\"color: #ffffff;\">Une large gamme de services pour bovins<\/span><\/h2><\/div><\/div><\/div><\/div><\/div><\/div><\/div><\/div><div class=\"vce-row-container\" data-vce-boxed-width=\"true\"><div class=\"vce-row vce-row--col-gap-30 vce-row-equal-height vce-row-content--top\" id=\"el-b388eece\" data-vce-do-apply=\"all el-b388eece\"><div class=\"vce-row-content\" data-vce-element-content=\"true\"><div class=\"vce-col vce-col--md-auto vce-col--xs-1 vce-col--xs-last vce-col--xs-first vce-col--sm-last vce-col--sm-first vce-col--md-last vce-col--lg-last vce-col--xl-last vce-col--md-first vce-col--lg-first vce-col--xl-first\" id=\"el-81190520\"><div class=\"vce-col-inner\" data-vce-do-apply=\"border margin background  el-81190520\"><div class=\"vce-col-content\" data-vce-element-content=\"true\" data-vce-do-apply=\"padding el-81190520\"><div class=\"vce-text-block\"><div class=\"vce-text-block-wrapper vce\" id=\"el-4966eb27\" data-vce-do-apply=\"all el-4966eb27\"><h2 style=\"text-align: center;\"><span style=\"font-family: Mansalva;\"><strong><span style=\"color: #00aa56;\">Avec la CIAM, optimisez la performance de votre \u00e9levage !<\/span><\/strong><\/span><\/h2><\/div><\/div><\/div><\/div><\/div><\/div><\/div><\/div><div class=\"vce-row-container\" data-vce-boxed-width=\"true\"><div class=\"vce-row vce-row--col-gap-30 vce-row-equal-height vce-row-content--top\" id=\"el-04d48253\" data-vce-do-apply=\"all el-04d48253\"><div class=\"vce-row-content\" data-vce-element-content=\"true\"><div class=\"vce-col vce-col--md-auto vce-col--xs-1 vce-col--xs-last vce-col--xs-first vce-col--sm-last vce-col--sm-first vce-col--md-first vce-col--lg-first vce-col--xl-first\" id=\"el-19485900\"><div class=\"vce-col-inner\" data-vce-do-apply=\"border margin background  el-19485900\"><div class=\"vce-col-content\" data-vce-element-content=\"true\" data-vce-do-apply=\"padding el-19485900\"><div class=\"vce-single-image-container vce-single-image--align-center\"><div class=\"vce vce-single-image-wrapper\" id=\"el-aeb3431a\" data-vce-do-apply=\"all el-aeb3431a\"><figure><div class=\"vce-single-image-inner vce-single-image--absolute\" style=\"padding-bottom: 81.9672%; width: 366px;\"><img loading=\"lazy\" class=\"vce-single-image vcv-lozad\" data-src=\"https:\/\/www.ciam82.com\/website\/wp-content\/uploads\/2021\/11\/Insemination_bovine2.jpg\" width=\"366\" height=\"300\" src=\"\" data-img-src=\"https:\/\/www.ciam82.com\/website\/wp-content\/uploads\/2021\/11\/Insemination_bovine2.jpg\" alt=\"\" title=\"Ins\u00e9mination_bovine2\" \/><noscript>\n        <img loading=\"lazy\" class=\"vce-single-image\" src=\"https:\/\/www.ciam82.com\/website\/wp-content\/uploads\/2021\/11\/Insemination_bovine2.jpg\" width=\"366\" height=\"300\" alt=\"\" title=\"Ins\u00e9mination_bovine2\" \/>\n      <\/noscript><\/div><figcaption hidden=\"\"><\/figcaption><\/figure><\/div><\/div><\/div><\/div><\/div><div class=\"vce-col vce-col--md-auto vce-col--xs-1 vce-col--xs-last vce-col--xs-first vce-col--sm-last vce-col--sm-first vce-col--md-last vce-col--lg-last vce-col--xl-last\" id=\"el-be3bb06b\"><div class=\"vce-col-inner\" data-vce-do-apply=\"border margin background  el-be3bb06b\"><div class=\"vce-col-content\" data-vce-element-content=\"true\" data-vce-do-apply=\"padding el-be3bb06b\"><div class=\"vce-text-block\"><div class=\"vce-text-block-wrapper vce\" id=\"el-aaa9df7c\" data-vce-do-apply=\"all el-aaa9df7c\"><h2><span style=\"color: #df671e;\">Ins\u00e9mination bovine<\/span><\/h2>\n<blockquote>\n<p style=\"padding-left: 40px;\">&gt; IA + 2 retours<br>&gt; IA \u00e0 l\u2019acte <br>&gt; IA profonde et IAptitude <br>&gt; Synchronisation des chaleurs <br><em><span style=\"font-size: 10pt;\">Tarif avec mise en place d\u00e9gressive<\/span><\/em><\/p>\n<\/blockquote>\n<p>Ins\u00e9mination bovine toute l\u2019ann\u00e9e sauf 1er janvier, 1er mai et 25 d\u00e9cembre. Aucun suppl\u00e9ment factur\u00e9 pour les I.A. lors des dimanches et jours f\u00e9ri\u00e9s<\/p><\/div><\/div><\/div><\/div><\/div><\/div><\/div><\/div><div class=\"vce-row-container\" data-vce-boxed-width=\"true\"><div class=\"vce-row vce-row--col-gap-30 vce-row-equal-height vce-row-content--top\" id=\"el-bae1de62\" data-vce-do-apply=\"all el-bae1de62\"><div class=\"vce-row-content\" data-vce-element-content=\"true\"><div class=\"vce-col vce-col--md-auto vce-col--xs-1 vce-col--xs-last vce-col--xs-first vce-col--sm-last vce-col--sm-first vce-col--md-first vce-col--lg-first vce-col--xl-first\" id=\"el-ee34d5c8\"><div class=\"vce-col-inner\" data-vce-do-apply=\"border margin background  el-ee34d5c8\"><div class=\"vce-col-content\" data-vce-element-content=\"true\" data-vce-do-apply=\"padding el-ee34d5c8\"><div class=\"vce-single-image-container vce-single-image--align-center\"><div class=\"vce vce-single-image-wrapper\" id=\"el-d8857cd1\" data-vce-do-apply=\"all el-d8857cd1\"><figure><div class=\"vce-single-image-inner vce-single-image--absolute\" style=\"padding-bottom: 83.7143%; width: 350px;\"><img loading=\"lazy\" class=\"vce-single-image vcv-lozad\" data-src=\"https:\/\/www.ciam82.com\/website\/wp-content\/uploads\/2021\/12\/echographie2.jpg\" width=\"350\" height=\"293\" src=\"\" data-img-src=\"https:\/\/www.ciam82.com\/website\/wp-content\/uploads\/2021\/12\/echographie2.jpg\" alt=\"\" title=\"echographie2\" \/><noscript>\n        <img loading=\"lazy\" class=\"vce-single-image\" src=\"https:\/\/www.ciam82.com\/website\/wp-content\/uploads\/2021\/12\/echographie2.jpg\" width=\"350\" height=\"293\" alt=\"\" title=\"echographie2\" \/>\n      <\/noscript><\/div><figcaption hidden=\"\"><\/figcaption><\/figure><\/div><\/div><\/div><\/div><\/div><div class=\"vce-col vce-col--md-auto vce-col--xs-1 vce-col--xs-last vce-col--xs-first vce-col--sm-last vce-col--sm-first vce-col--md-last vce-col--lg-last vce-col--xl-last\" id=\"el-74e87cdc\"><div class=\"vce-col-inner\" data-vce-do-apply=\"border margin background  el-74e87cdc\"><div class=\"vce-col-content\" data-vce-element-content=\"true\" data-vce-do-apply=\"padding el-74e87cdc\"><div class=\"vce-text-block\"><div class=\"vce-text-block-wrapper vce\" id=\"el-7db41747\" data-vce-do-apply=\"all el-7db41747\"><h2><span style=\"color: #df671e;\">Suivi de reproduction bovin<\/span><\/h2>\n<p>&nbsp;&gt; Constats de gestations :<\/p>\n<ul style=\"list-style-type: circle;\">\n<li>Palpation <em>&nbsp;<\/em><\/li>\n<li><em>\u00c9chographie<\/em><\/li>\n<\/ul>\n<p>&gt; Opti\u2019Repro\u00a9 \/ Opti\u2019Gest\u00a9<\/p><\/div><\/div><\/div><\/div><\/div><\/div><\/div><\/div><div class=\"vce-row-container\" data-vce-boxed-width=\"true\"><div class=\"vce-row vce-row--col-gap-30 vce-row-equal-height vce-row-content--top\" id=\"el-9fa58e06\" data-vce-do-apply=\"all el-9fa58e06\"><div class=\"vce-row-content\" data-vce-element-content=\"true\"><div class=\"vce-col vce-col--md-auto vce-col--xs-1 vce-col--xs-last vce-col--xs-first vce-col--sm-last vce-col--sm-first vce-col--md-first vce-col--lg-first vce-col--xl-first\" id=\"el-1b0284f3\"><div class=\"vce-col-inner\" data-vce-do-apply=\"border margin background  el-1b0284f3\"><div class=\"vce-col-content\" data-vce-element-content=\"true\" data-vce-do-apply=\"padding el-1b0284f3\"><div class=\"vce-single-image-container vce-single-image--align-center\"><div class=\"vce vce-single-image-wrapper\" id=\"el-0b3e3c4d\" data-vce-do-apply=\"all el-0b3e3c4d\"><figure><div class=\"vce-single-image-inner vce-single-image--absolute\" style=\"padding-bottom: 81.9672%; width: 366px;\"><img loading=\"lazy\" class=\"vce-single-image vcv-lozad\" data-src=\"https:\/\/www.ciam82.com\/website\/wp-content\/uploads\/2021\/12\/Synchro-chaleurs_4.jpg\" width=\"366\" height=\"300\" src=\"\" data-img-src=\"https:\/\/www.ciam82.com\/website\/wp-content\/uploads\/2021\/12\/Synchro-chaleurs_4.jpg\" alt=\"\" title=\"Synchro chaleurs_4\" \/><noscript>\n        <img loading=\"lazy\" class=\"vce-single-image\" src=\"https:\/\/www.ciam82.com\/website\/wp-content\/uploads\/2021\/12\/Synchro-chaleurs_4.jpg\" width=\"366\" height=\"300\" alt=\"\" title=\"Synchro chaleurs_4\" \/>\n      <\/noscript><\/div><figcaption hidden=\"\"><\/figcaption><\/figure><\/div><\/div><\/div><\/div><\/div><div class=\"vce-col vce-col--md-auto vce-col--xs-1 vce-col--xs-last vce-col--xs-first vce-col--sm-last vce-col--sm-first vce-col--md-last vce-col--lg-last vce-col--xl-last\" id=\"el-e7ddfc20\"><div class=\"vce-col-inner\" data-vce-do-apply=\"border margin background  el-e7ddfc20\"><div class=\"vce-col-content\" data-vce-element-content=\"true\" data-vce-do-apply=\"padding el-e7ddfc20\"><div class=\"vce-text-block\"><div class=\"vce-text-block-wrapper vce\" id=\"el-a610dda9\" data-vce-do-apply=\"all el-a610dda9\"><h2><span style=\"color: #df671e;\">Synchronisation de l\u2019oestrus<\/span><\/h2>\n<p>Ma\u00eetriser les venues en chaleur des animaux afin de contr\u00f4ler les mises bas<\/p>\n<p style=\"padding-left: 40px;\">(protocole en 9\/10 jours)<\/p>\n<p style=\"padding-left: 40px;\">&nbsp;&gt; Progestag\u00e8ne<br>&nbsp;&gt; GnRH<br>&nbsp;&gt; Prostaglandine<\/p><\/div><\/div><\/div><\/div><\/div><\/div><\/div><\/div><div class=\"vce-row-container\" data-vce-boxed-width=\"true\"><div class=\"vce-row vce-row--col-gap-30 vce-row-equal-height vce-row-content--top\" id=\"el-952e8a7f\" data-vce-do-apply=\"all el-952e8a7f\"><div class=\"vce-row-content\" data-vce-element-content=\"true\"><div class=\"vce-col vce-col--md-auto vce-col--xs-1 vce-col--xs-last vce-col--xs-first vce-col--sm-last vce-col--sm-first vce-col--md-first vce-col--lg-first vce-col--xl-first\" id=\"el-511720d1\"><div class=\"vce-col-inner\" data-vce-do-apply=\"border margin background  el-511720d1\"><div class=\"vce-col-content\" data-vce-element-content=\"true\" data-vce-do-apply=\"padding el-511720d1\"><div class=\"vce-single-image-container vce-single-image--align-center\"><div class=\"vce vce-single-image-wrapper\" id=\"el-96de3cff\" data-vce-do-apply=\"all el-96de3cff\"><figure><div class=\"vce-single-image-inner vce-single-image--absolute\" style=\"padding-bottom: 81.9672%; width: 366px;\"><img loading=\"lazy\" class=\"vce-single-image vcv-lozad\" data-src=\"https:\/\/www.ciam82.com\/website\/wp-content\/uploads\/2021\/12\/genotypage2.jpg\" width=\"366\" height=\"300\" src=\"\" data-img-src=\"https:\/\/www.ciam82.com\/website\/wp-content\/uploads\/2021\/12\/genotypage2.jpg\" alt=\"\" title=\"genotypage2\" \/><noscript>\n        <img loading=\"lazy\" class=\"vce-single-image\" src=\"https:\/\/www.ciam82.com\/website\/wp-content\/uploads\/2021\/12\/genotypage2.jpg\" width=\"366\" height=\"300\" alt=\"\" title=\"genotypage2\" \/>\n      <\/noscript><\/div><figcaption hidden=\"\"><\/figcaption><\/figure><\/div><\/div><\/div><\/div><\/div><div class=\"vce-col vce-col--md-auto vce-col--xs-1 vce-col--xs-last vce-col--xs-first vce-col--sm-last vce-col--sm-first vce-col--md-last vce-col--lg-last vce-col--xl-last\" id=\"el-4d7d06af\"><div class=\"vce-col-inner\" data-vce-do-apply=\"border margin background  el-4d7d06af\"><div class=\"vce-col-content\" data-vce-element-content=\"true\" data-vce-do-apply=\"padding el-4d7d06af\"><div class=\"vce-text-block\"><div class=\"vce-text-block-wrapper vce\" id=\"el-9c29279e\" data-vce-do-apply=\"all el-9c29279e\"><h2><span style=\"color: #df671e;\">G\u00e9notypage<\/span><\/h2><br><p>G\u00e9notypage sur femelles laiti\u00e8res et allaitantes, recherche de paternit\u00e9, filiation compl\u00e8te. <\/p><\/div><\/div><\/div><\/div><\/div><\/div><\/div><\/div><div class=\"vce-row-container\" data-vce-boxed-width=\"true\"><div class=\"vce-row vce-row--col-gap-30 vce-row-equal-height vce-row-content--top\" id=\"el-2d90b8e5\" data-vce-do-apply=\"all el-2d90b8e5\"><div class=\"vce-row-content\" data-vce-element-content=\"true\"><div class=\"vce-col vce-col--md-auto vce-col--xs-1 vce-col--xs-last vce-col--xs-first vce-col--sm-last vce-col--sm-first vce-col--md-first vce-col--lg-first vce-col--xl-first\" id=\"el-3cfe7d8d\"><div class=\"vce-col-inner\" data-vce-do-apply=\"border margin background  el-3cfe7d8d\"><div class=\"vce-col-content\" data-vce-element-content=\"true\" data-vce-do-apply=\"padding el-3cfe7d8d\"><div class=\"vce-single-image-container vce-single-image--align-center\"><div class=\"vce vce-single-image-wrapper\" id=\"el-8b453c0f\" data-vce-do-apply=\"all el-8b453c0f\"><figure><div class=\"vce-single-image-inner vce-single-image--absolute\" style=\"padding-bottom: 65.2174%; width: 460px;\"><img loading=\"lazy\" class=\"vce-single-image vcv-lozad\" data-src=\"https:\/\/www.ciam82.com\/website\/wp-content\/uploads\/2021\/12\/transfert1.jpg\" width=\"460\" height=\"300\" src=\"\" data-img-src=\"https:\/\/www.ciam82.com\/website\/wp-content\/uploads\/2021\/12\/transfert1.jpg\" alt=\"\" title=\"transfert1\" \/><noscript>\n        <img loading=\"lazy\" class=\"vce-single-image\" src=\"https:\/\/www.ciam82.com\/website\/wp-content\/uploads\/2021\/12\/transfert1.jpg\" width=\"460\" height=\"300\" alt=\"\" title=\"transfert1\" \/>\n      <\/noscript><\/div><figcaption hidden=\"\"><\/figcaption><\/figure><\/div><\/div><\/div><\/div><\/div><div class=\"vce-col vce-col--md-auto vce-col--xs-1 vce-col--xs-last vce-col--xs-first vce-col--sm-last vce-col--sm-first vce-col--md-last vce-col--lg-last vce-col--xl-last\" id=\"el-cff972a8\"><div class=\"vce-col-inner\" data-vce-do-apply=\"border margin background  el-cff972a8\"><div class=\"vce-col-content\" data-vce-element-content=\"true\" data-vce-do-apply=\"padding el-cff972a8\"><div class=\"vce-text-block\"><div class=\"vce-text-block-wrapper vce\" id=\"el-601f0edb\" data-vce-do-apply=\"all el-601f0edb\"><h2><span style=\"color: #df671e;\">Transfert Embryonnaire<\/span><\/h2><br><p>Transfert d\u2019Embryons congel\u00e9s, pour tout chantier, contacter la CIAM<\/p><\/div><\/div><\/div><\/div><\/div><\/div><\/div><\/div><div class=\"vce-row-container\" data-vce-boxed-width=\"true\"><div class=\"vce-row vce-row--col-gap-30 vce-row-equal-height vce-row-content--top\" id=\"el-938305a4\" data-vce-do-apply=\"all el-938305a4\"><div class=\"vce-row-content\" data-vce-element-content=\"true\"><div class=\"vce-col vce-col--md-auto vce-col--xs-1 vce-col--xs-last vce-col--xs-first vce-col--sm-last vce-col--sm-first vce-col--md-first vce-col--lg-first vce-col--xl-first\" id=\"el-4d89bcb8\"><div class=\"vce-col-inner\" data-vce-do-apply=\"border margin background  el-4d89bcb8\"><div class=\"vce-col-content\" data-vce-element-content=\"true\" data-vce-do-apply=\"padding el-4d89bcb8\"><div class=\"vce-single-image-container vce-single-image--align-center\"><div class=\"vce vce-single-image-wrapper\" id=\"el-2cdbe4d2\" data-vce-do-apply=\"all el-2cdbe4d2\"><figure><div class=\"vce-single-image-inner vce-single-image--absolute\" style=\"padding-bottom: 79.5756%; width: 377px;\"><img loading=\"lazy\" class=\"vce-single-image vcv-lozad\" data-src=\"https:\/\/www.ciam82.com\/website\/wp-content\/uploads\/2021\/12\/parage2.jpg\" width=\"377\" height=\"300\" src=\"\" data-img-src=\"https:\/\/www.ciam82.com\/website\/wp-content\/uploads\/2021\/12\/parage2.jpg\" alt=\"\" title=\"\" \/><noscript>\n        <img loading=\"lazy\" class=\"vce-single-image\" src=\"https:\/\/www.ciam82.com\/website\/wp-content\/uploads\/2021\/12\/parage2.jpg\" width=\"377\" height=\"300\" alt=\"\" title=\"\" \/>\n      <\/noscript><\/div><figcaption hidden=\"\"><\/figcaption><\/figure><\/div><\/div><\/div><\/div><\/div><div class=\"vce-col vce-col--md-auto vce-col--xs-1 vce-col--xs-last vce-col--xs-first vce-col--sm-last vce-col--sm-first vce-col--md-last vce-col--lg-last vce-col--xl-last\" id=\"el-120f1037\"><div class=\"vce-col-inner\" data-vce-do-apply=\"border margin background  el-120f1037\"><div class=\"vce-col-content\" data-vce-element-content=\"true\" data-vce-do-apply=\"padding el-120f1037\"><div class=\"vce-text-block\"><div class=\"vce-text-block-wrapper vce\" id=\"el-86e6dac6\" data-vce-do-apply=\"all el-86e6dac6\"><h2><span style=\"color: #df671e;\">Parage des animaux<\/span><\/h2><br><p>Parage vache et taureau \u00e0 partir de 1 animal. Tarif d\u00e9gressif selon le nombre d\u2019animaux \u00e0 traiter. <br>Contrats Opti\u2019parage. <br>Contactez votre technicien.<\/p><\/div><\/div><\/div><\/div><\/div><\/div><\/div><\/div>\n","protected":false},"excerpt":{"rendered":"<p>Une large gamme de services pour bovinsAvec la CIAM, optimisez la performance de votre \u00e9levage ! Ins\u00e9mination bovine &gt; IA + 2 retours&gt; IA \u00e0 l\u2019acte &gt; IA profonde et IAptitude &gt; Synchronisation des chaleurs Tarif avec mise en place d\u00e9gressive Ins\u00e9mination bovine toute l\u2019ann\u00e9e sauf 1er janvier, 1er mai et 25 d\u00e9cembre. Aucun suppl\u00e9ment [&hellip;]<\/p>\n","protected":false},"author":1,"featured_media":0,"parent":34,"menu_order":0,"comment_status":"closed","ping_status":"closed","template":"tpl_others.php","meta":[],"_links":{"self":[{"href":"https:\/\/www.ciam82.com\/website\/wp-json\/wp\/v2\/pages\/315"}],"collection":[{"href":"https:\/\/www.ciam82.com\/website\/wp-json\/wp\/v2\/pages"}],"about":[{"href":"https:\/\/www.ciam82.com\/website\/wp-json\/wp\/v2\/types\/page"}],"author":[{"embeddable":true,"href":"https:\/\/www.ciam82.com\/website\/wp-json\/wp\/v2\/users\/1"}],"replies":[{"embeddable":true,"href":"https:\/\/www.ciam82.com\/website\/wp-json\/wp\/v2\/comments?post=315"}],"version-history":[{"count":12,"href":"https:\/\/www.ciam82.com\/website\/wp-json\/wp\/v2\/pages\/315\/revisions"}],"predecessor-version":[{"id":462,"href":"https:\/\/www.ciam82.com\/website\/wp-json\/wp\/v2\/pages\/315\/revisions\/462"}],"up":[{"embeddable":true,"href":"https:\/\/www.ciam82.com\/website\/wp-json\/wp\/v2\/pages\/34"}],"wp:attachment":[{"href":"https:\/\/www.ciam82.com\/website\/wp-json\/wp\/v2\/media?parent=315"}],"curies":[{"name":"wp","href":"https:\/\/api.w.org\/{rel}","templated":true}]}}