{"id":33,"date":"2021-11-16T06:57:36","date_gmt":"2021-11-16T05:57:36","guid":{"rendered":"https:\/\/www.ciam82.com\/website\/?page_id=33"},"modified":"2023-11-15T15:53:14","modified_gmt":"2023-11-15T14:53:14","slug":"presentation","status":"publish","type":"page","link":"https:\/\/www.ciam82.com\/website\/presentation\/","title":{"rendered":"Pr\u00e9sentation"},"content":{"rendered":"<div class=\"vce-row-container\" data-vce-boxed-width=\"true\"><div class=\"vce-row vce-row--col-gap-30 vce-row-equal-height vce-row-content--top\" id=\"el-0d73df25\" data-vce-do-apply=\"all el-0d73df25\"><div class=\"vce-row-content\" data-vce-element-content=\"true\"><div class=\"vce-col vce-col--md-auto vce-col--xs-1 vce-col--xs-last vce-col--xs-first vce-col--sm-last vce-col--sm-first vce-col--md-last vce-col--lg-last vce-col--xl-last vce-col--md-first vce-col--lg-first vce-col--xl-first\" id=\"el-7e1b574e\"><div class=\"vce-col-inner\" data-vce-do-apply=\"border margin background  el-7e1b574e\"><div class=\"vce-col-content\" data-vce-element-content=\"true\" data-vce-do-apply=\"padding el-7e1b574e\"><div class=\"vce-text-block\"><div class=\"vce-text-block-wrapper vce\" id=\"el-bff1b5c9\" data-vce-do-apply=\"all el-bff1b5c9\"><h2 style=\"text-align: center;\"><span style=\"color: #ffffff;\">Pr\u00e9sentation de CIAM<\/span><\/h2><\/div><\/div><\/div><\/div><\/div><\/div><\/div><\/div><div class=\"vce-row-container\" data-vce-boxed-width=\"true\"><div class=\"vce-row vce-row--col-gap-30 vce-row-equal-height vce-row-content--top\" id=\"el-c22cc07d\" data-vce-do-apply=\"all el-c22cc07d\"><div class=\"vce-row-content\" data-vce-element-content=\"true\"><div class=\"vce-col vce-col--md-auto vce-col--xs-1 vce-col--xs-last vce-col--xs-first vce-col--sm-last vce-col--sm-first vce-col--md-first vce-col--lg-first vce-col--xl-first\" id=\"el-abf24813\"><div class=\"vce-col-inner\" data-vce-do-apply=\"border margin background  el-abf24813\"><div class=\"vce-col-content\" data-vce-element-content=\"true\" data-vce-do-apply=\"padding el-abf24813\"><div class=\"vce-single-image-container vce-single-image--align-left\"><div class=\"vce vce-single-image-wrapper\" id=\"el-ca29cab9\" data-vce-do-apply=\"all el-ca29cab9\"><figure><div class=\"vce-single-image-inner vce-single-image--absolute\" style=\"padding-bottom: 107.734%; width: 556px;\"><img loading=\"lazy\" class=\"vce-single-image vcv-lozad\" data-src=\"https:\/\/www.ciam82.com\/website\/wp-content\/uploads\/2021\/12\/presentation1a.png\" width=\"556\" height=\"599\" src=\"\" data-img-src=\"https:\/\/www.ciam82.com\/website\/wp-content\/uploads\/2021\/12\/presentation1a.png\" alt=\"\" title=\"presentation1a\" \/><noscript>\n        <img loading=\"lazy\" class=\"vce-single-image\" src=\"https:\/\/www.ciam82.com\/website\/wp-content\/uploads\/2021\/12\/presentation1a.png\" width=\"556\" height=\"599\" alt=\"\" title=\"presentation1a\" \/>\n      <\/noscript><\/div><figcaption hidden=\"\"><\/figcaption><\/figure><\/div><\/div><\/div><\/div><\/div><div class=\"vce-col vce-col--md-auto vce-col--xs-1 vce-col--xs-last vce-col--xs-first vce-col--sm-last vce-col--sm-first vce-col--md-last vce-col--lg-last vce-col--xl-last\" id=\"el-22812bfe\"><div class=\"vce-col-inner\" data-vce-do-apply=\"border margin background  el-22812bfe\"><div class=\"vce-col-content\" data-vce-element-content=\"true\" data-vce-do-apply=\"padding el-22812bfe\"><div class=\"vce-text-block\"><div class=\"vce-text-block-wrapper vce\" id=\"el-61eede4f\" data-vce-do-apply=\"all el-61eede4f\"><p>Notre <strong>Coop\u00e9rative d\u2019Ins\u00e9mination Animale de <\/strong><strong>Montauban (CIAM)<\/strong> est au service des \u00e9leveurs du Tarn-et-Garonne, du Lot et des cantons limitrophes.<\/p>\n<p>Nous proposons \u00e0 nos adh\u00e9rents une large<br>gamme de services portant sur l\u2019<strong>am\u00e9lioration <\/strong><strong>g\u00e9n\u00e9tique<\/strong> et le<strong> suivi de reproduction<\/strong>.<\/p>\n<p style=\"text-align: left;\">Forts de notre proximit\u00e9 professionnelle,<br>nous apportons un <strong>soutien technique performant <\/strong><strong>et diversifi\u00e9<\/strong> en r\u00e9ponse aux attentes de terrain.<\/p>\n<p style=\"text-align: left;\">Notre coop\u00e9rative CIAM est adh\u00e9rente de l\u2019Unit\u00e9 de S\u00e9lection AURIVA et d\u2019ALLICE.<\/p>\n<p>Nous diffusons les derni\u00e8res techniques avec un <strong>double objectif<\/strong> :<\/p>\n<ul style=\"list-style-type: square;\">\n<li>Am\u00e9liorer la performance des \u00e9levages,<\/li>\n<li>Conforter le niveau de revenu des \u00e9leveurs.<\/li>\n<\/ul>\n<p style=\"text-align: left;\">Nous nous effor\u00e7ons d\u2019apporter nos services \u00e0<br>des tarifs comp\u00e9titifs.<\/p><\/div><\/div><div class=\"vce-button--style-basic-container vce-button--style-basic-container--align-center\"><span class=\"vce-button--style-basic-wrapper vce\" id=\"el-0d2deb87\" data-vce-do-apply=\"margin el-0d2deb87\"><a class=\"vce-button--style-basic vce-button--style-basic--border-square vce-button--style-basic--size-medium vce-button--style-basic--color-b-223-103-30--fff\" href=\"https:\/\/www.ciam82.com\/website\/wp-content\/uploads\/2021\/12\/brochure_ciam_2021.pdf\" title=\"\" target=\"_blank\" data-vce-do-apply=\"padding border background  el-0d2deb87\" rel=\"noopener\">T\u00e9l\u00e9charger notre brochure<\/a><\/span><\/div><\/div><\/div><\/div><\/div><\/div><\/div><div class=\"vce-row-container\" data-vce-boxed-width=\"true\"><div class=\"vce-row vce-row--has-col-background vce-row--col-gap-30 vce-row-equal-height vce-row-content--top\" id=\"el-ea6a54aa\" data-vce-do-apply=\"all el-ea6a54aa\"><div class=\"vce-content-background-container\"><\/div><div class=\"vce-row-content\" data-vce-element-content=\"true\"><div class=\"vce-col vce-element--has-background vce-col--md-auto vce-col--xs-1 vce-col--xs-last vce-col--xs-first vce-col--sm-last vce-col--sm-first vce-col--md-first vce-col--lg-first vce-col--xl-first\" id=\"el-c7fbe64d\"><div class=\"vce-col-inner\" data-vce-do-apply=\"border margin background  el-c7fbe64d\"><div class=\"vce-content-background-container\"><\/div><div class=\"vce-col-content\" data-vce-element-content=\"true\" data-vce-do-apply=\"padding el-c7fbe64d\"><div class=\"vce-text-block\"><div class=\"vce-text-block-wrapper vce\" id=\"el-e29f6cdf\" data-vce-do-apply=\"all el-e29f6cdf\"><h2>Nos zones d'intervention<\/h2><\/div><\/div><div class=\"vce-single-image-container vce-single-image--align-left\"><div class=\"vce vce-single-image-wrapper\" id=\"el-970e2e9b\" data-vce-do-apply=\"all el-970e2e9b\"><figure><div class=\"vce-single-image-inner vce-single-image--absolute\" style=\"padding-bottom: 141.632%; width: 723px;\"><img loading=\"lazy\" class=\"vce-single-image vcv-lozad\" data-src=\"https:\/\/www.ciam82.com\/website\/wp-content\/uploads\/2021\/12\/CIAM_ZONES_INTERVENTIONS_23_11_2021_A3d.jpg\" width=\"723\" height=\"1024\" src=\"\" data-img-src=\"https:\/\/www.ciam82.com\/website\/wp-content\/uploads\/2021\/12\/CIAM_ZONES_INTERVENTIONS_23_11_2021_A3d.jpg\" alt=\"\" title=\"CIAM_ZONES_INTERVENTIONS_23_11_2021_A3d\" \/><noscript>\n        <img loading=\"lazy\" class=\"vce-single-image\" src=\"https:\/\/www.ciam82.com\/website\/wp-content\/uploads\/2021\/12\/CIAM_ZONES_INTERVENTIONS_23_11_2021_A3d.jpg\" width=\"723\" height=\"1024\" alt=\"\" title=\"CIAM_ZONES_INTERVENTIONS_23_11_2021_A3d\" \/>\n      <\/noscript><\/div><figcaption hidden=\"\"><\/figcaption><\/figure><\/div><\/div><\/div><\/div><\/div><div class=\"vce-col vce-element--has-background vce-col--md-auto vce-col--xs-1 vce-col--xs-last vce-col--xs-first vce-col--sm-last vce-col--sm-first vce-col--md-last vce-col--lg-last vce-col--xl-last\" id=\"el-9ddd132a\"><div class=\"vce-col-inner\" data-vce-do-apply=\"border margin background  el-9ddd132a\"><div class=\"vce-content-background-container\"><\/div><div class=\"vce-col-content\" data-vce-element-content=\"true\" data-vce-do-apply=\"padding el-9ddd132a\"><div class=\"vce-text-block\"><div class=\"vce-text-block-wrapper vce\" id=\"el-7869c0cd\" data-vce-do-apply=\"all el-7869c0cd\"><h2>Notre \u00e9quipe<\/h2><\/div><\/div><div class=\"vce-text-block\"><div class=\"vce-text-block-wrapper vce\" id=\"el-3826f40b\" data-vce-do-apply=\"all el-3826f40b\"><h5><strong>DIRECTION - SERVICE ADMINISTRATIF<\/strong><\/h5>\n<table style=\"border-collapse: collapse; width: 100%;\">\n<tbody>\n<tr>\n<td style=\"width: 70%; vertical-align: top;\">\n<p><strong>Virginie BANZY&nbsp;<\/strong><\/p>\n<p>05 63 67 47 04<\/p>\n<\/td>\n<td style=\"width: 50%;\"><img loading=\"lazy\" class=\"alignnone  wp-image-335\" src=\"..\/wp-content\/uploads\/2021\/12\/virginie-231x300.jpg\" alt=\"\" width=\"95\" height=\"123\" srcset=\"https:\/\/www.ciam82.com\/website\/wp-content\/uploads\/2021\/12\/virginie-231x300.jpg 231w, https:\/\/www.ciam82.com\/website\/wp-content\/uploads\/2021\/12\/virginie.jpg 261w\" sizes=\"(max-width: 95px) 100vw, 95px\" \/><\/td>\n<\/tr>\n<\/tbody>\n<\/table>\n<p>&nbsp;<\/p><\/div><\/div><div class=\"vce-text-block\"><div class=\"vce-text-block-wrapper vce\" id=\"el-19694f1f\" data-vce-do-apply=\"all el-19694f1f\"><h5><strong>SERVICE PARAGE<\/strong><\/h5>\n<table style=\"border-collapse: collapse; width: 100%;\">\n<tbody>\n<tr>\n<td style=\"width: 70%; vertical-align: top;\">\n<p><strong>C\u00e9dric ALAUX&nbsp;<\/strong><\/p>\n<p>05 63 67 47 04<\/p>\n<\/td>\n<td style=\"width: 50%;\"><img loading=\"lazy\" class=\"alignnone  wp-image-343\" src=\"..\/wp-content\/uploads\/2021\/12\/cedric-229x300.jpg\" alt=\"\" width=\"99\" height=\"129\" srcset=\"https:\/\/www.ciam82.com\/website\/wp-content\/uploads\/2021\/12\/cedric-229x300.jpg 229w, https:\/\/www.ciam82.com\/website\/wp-content\/uploads\/2021\/12\/cedric.jpg 260w\" sizes=\"(max-width: 99px) 100vw, 99px\" \/><\/td>\n<\/tr>\n<tr>\n<td style=\"width: 70%; vertical-align: top;\">\n<p><strong>Wilfried FERMY&nbsp;<\/strong><\/p>\n<p>06 08 41 31 42<\/p>\n<\/td>\n<td style=\"width: 50%;\"><img loading=\"lazy\" class=\"alignnone size-full wp-image-498\" src=\"..\/wp-content\/uploads\/2023\/11\/Wilfried-230x300b.jpg\" alt=\"\" width=\"99\" height=\"129\"><\/td>\n<\/tr>\n<\/tbody>\n<\/table>\n<p>&nbsp;<\/p><\/div><\/div><div class=\"vce-text-block\"><div class=\"vce-text-block-wrapper vce\" id=\"el-2dd7f5e0\" data-vce-do-apply=\"all el-2dd7f5e0\"><h5><strong>SERVICE INS\u00c9MINATION \/ \u00c9CHOGRAPHIE<\/strong><\/h5>\n<table style=\"border-collapse: collapse; width: 100%;\">\n<tbody>\n<tr>\n<td style=\"width: 70%; vertical-align: top;\">\n<p><strong>Sandra LAMOTHE&nbsp;<\/strong><\/p>\n<p>06 72 98 07 82<\/p>\n<\/td>\n<td style=\"width: 50%;\"><img loading=\"lazy\" class=\"alignnone size-full wp-image-497\" src=\"https:\/\/www.ciam82.com\/website\/wp-content\/uploads\/2023\/11\/sandra-230x300b.jpg\" alt=\"\" width=\"99\" height=\"129\"><\/td>\n<\/tr>\n<\/tbody>\n<\/table>\n<table style=\"border-collapse: collapse; width: 99.944%;\">\n<tbody>\n<tr>\n<td style=\"width: 70%; vertical-align: top;\">\n<p><strong>Serge LEONOWICZ&nbsp;<\/strong><\/p>\n<p>06 89 38 59 89<\/p>\n<\/td>\n<td style=\"width: 55.0794%;\"><img loading=\"lazy\" class=\"alignnone  wp-image-348\" src=\"https:\/\/www.ciam82.com\/website\/wp-content\/uploads\/2021\/12\/serge-231x300.jpg\" alt=\"\" width=\"94\" height=\"121\" srcset=\"https:\/\/www.ciam82.com\/website\/wp-content\/uploads\/2021\/12\/serge-231x300.jpg 231w, https:\/\/www.ciam82.com\/website\/wp-content\/uploads\/2021\/12\/serge.jpg 260w\" sizes=\"(max-width: 94px) 100vw, 94px\" \/><\/td>\n<\/tr>\n<tr>\n<td style=\"width: 70%; vertical-align: top;\">\n<p><strong>M\u00e9lanie MERCADIER<\/strong><\/p>\n<p>06 89 62 55 48<\/p>\n<\/td>\n<td style=\"width: 55.0794%;\"><img loading=\"lazy\" class=\"alignnone size-full wp-image-482\" src=\"https:\/\/www.ciam82.com\/website\/wp-content\/uploads\/2023\/05\/m-mercadier.jpg\" alt=\"\" width=\"94\" height=\"121\"><\/td>\n<\/tr>\n<tr>\n<td style=\"width: 70%; vertical-align: top;\">\n<p><strong>Justine LEROUX<\/strong><\/p>\n<p>06 89 38 78 75<\/p>\n<\/td>\n<td style=\"width: 55.0794%;\"><img loading=\"lazy\" class=\"alignnone wp-image-493 size-full\" src=\"https:\/\/www.ciam82.com\/website\/wp-content\/uploads\/2023\/05\/Leroux.jpg\" alt=\"\" width=\"94\" height=\"121\"><\/td>\n<\/tr>\n<\/tbody>\n<\/table><\/div><\/div><\/div><\/div><\/div><\/div><\/div><\/div>\n","protected":false},"excerpt":{"rendered":"<p>Pr\u00e9sentation de CIAM Notre Coop\u00e9rative d\u2019Ins\u00e9mination Animale de Montauban (CIAM) est au service des \u00e9leveurs du Tarn-et-Garonne, du Lot et des cantons limitrophes. Nous proposons \u00e0 nos adh\u00e9rents une largegamme de services portant sur l\u2019am\u00e9lioration g\u00e9n\u00e9tique et le suivi de reproduction. Forts de notre proximit\u00e9 professionnelle,nous apportons un soutien technique performant et diversifi\u00e9 en r\u00e9ponse [&hellip;]<\/p>\n","protected":false},"author":2,"featured_media":0,"parent":0,"menu_order":0,"comment_status":"closed","ping_status":"closed","template":"tpl_others.php","meta":[],"_links":{"self":[{"href":"https:\/\/www.ciam82.com\/website\/wp-json\/wp\/v2\/pages\/33"}],"collection":[{"href":"https:\/\/www.ciam82.com\/website\/wp-json\/wp\/v2\/pages"}],"about":[{"href":"https:\/\/www.ciam82.com\/website\/wp-json\/wp\/v2\/types\/page"}],"author":[{"embeddable":true,"href":"https:\/\/www.ciam82.com\/website\/wp-json\/wp\/v2\/users\/2"}],"replies":[{"embeddable":true,"href":"https:\/\/www.ciam82.com\/website\/wp-json\/wp\/v2\/comments?post=33"}],"version-history":[{"count":42,"href":"https:\/\/www.ciam82.com\/website\/wp-json\/wp\/v2\/pages\/33\/revisions"}],"predecessor-version":[{"id":503,"href":"https:\/\/www.ciam82.com\/website\/wp-json\/wp\/v2\/pages\/33\/revisions\/503"}],"wp:attachment":[{"href":"https:\/\/www.ciam82.com\/website\/wp-json\/wp\/v2\/media?parent=33"}],"curies":[{"name":"wp","href":"https:\/\/api.w.org\/{rel}","templated":true}]}}