{"id":34,"date":"2021-11-16T06:57:36","date_gmt":"2021-11-16T05:57:36","guid":{"rendered":"https:\/\/www.ciam82.com\/website\/?page_id=34"},"modified":"2021-12-02T17:16:48","modified_gmt":"2021-12-02T16:16:48","slug":"services","status":"publish","type":"page","link":"https:\/\/www.ciam82.com\/website\/services\/","title":{"rendered":"Services"},"content":{"rendered":"<div class=\"vce-row-container\" data-vce-boxed-width=\"true\"><div class=\"vce-row vce-row--col-gap-30 vce-row-equal-height vce-row-content--top\" id=\"el-50cfb837\" data-vce-do-apply=\"all el-50cfb837\"><div class=\"vce-row-content\" data-vce-element-content=\"true\"><div class=\"vce-col vce-col--md-auto vce-col--xs-1 vce-col--xs-last vce-col--xs-first vce-col--sm-last vce-col--sm-first vce-col--md-last vce-col--lg-last vce-col--xl-last vce-col--md-first vce-col--lg-first vce-col--xl-first\" id=\"el-138693f1\"><div class=\"vce-col-inner\" data-vce-do-apply=\"border margin background  el-138693f1\"><div class=\"vce-col-content\" data-vce-element-content=\"true\" data-vce-do-apply=\"padding el-138693f1\"><div class=\"vce-text-block\"><div class=\"vce-text-block-wrapper vce\" id=\"el-ef231843\" data-vce-do-apply=\"all el-ef231843\"><h2 style=\"text-align: center;\"><span style=\"color: #ffffff; font-family: Roboto;\">Une large gamme de services<\/span><\/h2><\/div><\/div><div class=\"vce-text-block\"><div class=\"vce-text-block-wrapper vce\" id=\"el-e386789a\" data-vce-do-apply=\"all el-e386789a\"><h2 style=\"text-align: center;\"><strong><span style=\"font-family: Mansalva; color: #00aa56;\">Avec la CIAM, optimisez la performance de votre \u00e9levage !<\/span><\/strong><\/h2><\/div><\/div><\/div><\/div><\/div><\/div><\/div><\/div><div class=\"vce-row-container\" data-vce-boxed-width=\"true\"><div class=\"vce-row vce-row--col-gap-30 vce-row-equal-height vce-row-content--top\" id=\"el-9447b8ee\" data-vce-do-apply=\"all el-9447b8ee\"><div class=\"vce-row-content\" data-vce-element-content=\"true\"><div class=\"vce-col vce-col--md-50p vce-col--xs-1 vce-col--xs-last vce-col--xs-first vce-col--sm-last vce-col--sm-first vce-col--md-first vce-col--lg-first vce-col--xl-first\" id=\"el-3cfd5204\"><div class=\"vce-col-inner\" data-vce-do-apply=\"border margin background  el-3cfd5204\"><div class=\"vce-col-content\" data-vce-element-content=\"true\" data-vce-do-apply=\"padding el-3cfd5204\"><div class=\"vce-single-image-container vce-single-image--align-center\"><div class=\"vce vce-single-image-wrapper\" id=\"el-b73b40c4\" data-vce-do-apply=\"all el-b73b40c4\"><figure><div class=\"vce-single-image-inner vce-single-image--absolute\" style=\"padding-bottom: 81.9672%; width: 366px;\"><img loading=\"lazy\" class=\"vce-single-image vcv-lozad\" data-src=\"https:\/\/www.ciam82.com\/website\/wp-content\/uploads\/2021\/11\/Insemination_bovine2.jpg\" width=\"366\" height=\"300\" src=\"\" data-img-src=\"https:\/\/www.ciam82.com\/website\/wp-content\/uploads\/2021\/11\/Insemination_bovine2.jpg\" alt=\"\" title=\"Ins\u00e9mination_bovine2\" \/><noscript>\n        <img loading=\"lazy\" class=\"vce-single-image\" src=\"https:\/\/www.ciam82.com\/website\/wp-content\/uploads\/2021\/11\/Insemination_bovine2.jpg\" width=\"366\" height=\"300\" alt=\"\" title=\"Ins\u00e9mination_bovine2\" \/>\n      <\/noscript><\/div><figcaption hidden=\"\"><\/figcaption><\/figure><\/div><\/div><\/div><\/div><\/div><div class=\"vce-col vce-col--md-50p vce-col--xs-1 vce-col--xs-last vce-col--xs-first vce-col--sm-last vce-col--sm-first vce-col--md-last vce-col--lg-last vce-col--xl-last\" id=\"el-4c4f3686\"><div class=\"vce-col-inner\" data-vce-do-apply=\"border margin background  el-4c4f3686\"><div class=\"vce-col-content\" data-vce-element-content=\"true\" data-vce-do-apply=\"padding el-4c4f3686\"><div class=\"vce-text-block\"><div class=\"vce-text-block-wrapper vce\" id=\"el-b2fb59d1\" data-vce-do-apply=\"all el-b2fb59d1\"><h2><span style=\"color: #df671e;\">Ins\u00e9mination bovine et caprine<\/span><\/h2><blockquote><p>&gt;IA + 2 retours*<br>&gt; IA \u00e0 l\u2019acte*<br>&gt; IA profonde et IAptitude<br>&gt; Synchronisation des chaleurs<br><em><span style=\"font-size: 10pt;\">Tarif avec mise en <\/span><span style=\"font-size: 10pt;\">place <\/span><span style=\"font-size: 10pt;\">d\u00e9gressive<\/span><\/em><\/p><\/blockquote><p>*Aucun suppl\u00e9ment factur\u00e9 pour les I.A. lors des dimanches et jours f\u00e9ri\u00e9s<\/p><\/div><\/div><\/div><\/div><\/div><div class=\"vce-col vce-col--md-auto vce-col--xs-1 vce-col--xs-last vce-col--xs-first vce-col--sm-last vce-col--sm-first vce-col--md-last vce-col--lg-last vce-col--xl-last vce-col--md-first vce-col--lg-first vce-col--xl-first\" id=\"el-cd5cb181\"><div class=\"vce-col-inner\" data-vce-do-apply=\"border margin background  el-cd5cb181\"><div class=\"vce-col-content\" data-vce-element-content=\"true\" data-vce-do-apply=\"padding el-cd5cb181\"><div class=\"vce vce-separator-container vce-separator--align-center vce-separator--style-solid\" id=\"el-c5f02f18\" data-vce-do-apply=\"margin el-c5f02f18\"><div class=\"vce-separator vce-separator--color-bfc0c1 vce-separator--width-60 vce-separator--thickness-1\" data-vce-do-apply=\"border padding background  el-c5f02f18\"><\/div><\/div><\/div><\/div><\/div><\/div><\/div><\/div><div class=\"vce-row-container\" data-vce-boxed-width=\"true\"><div class=\"vce-row vce-row--col-gap-30 vce-row-equal-height vce-row-content--top\" id=\"el-d5b22cfe\" data-vce-do-apply=\"all el-d5b22cfe\"><div class=\"vce-row-content\" data-vce-element-content=\"true\"><div class=\"vce-col vce-col--md-50p vce-col--xs-1 vce-col--xs-last vce-col--xs-first vce-col--sm-last vce-col--sm-first vce-col--md-first vce-col--lg-first vce-col--xl-first\" id=\"el-f4268a7d\"><div class=\"vce-col-inner\" data-vce-do-apply=\"border margin background  el-f4268a7d\"><div class=\"vce-col-content\" data-vce-element-content=\"true\" data-vce-do-apply=\"padding el-f4268a7d\"><div class=\"vce-single-image-container vce-single-image--align-center\"><div class=\"vce vce-single-image-wrapper\" id=\"el-e63ee8b7\" data-vce-do-apply=\"all el-e63ee8b7\"><figure><div class=\"vce-single-image-inner vce-single-image--absolute\" style=\"padding-bottom: 83.7143%; width: 350px;\"><img loading=\"lazy\" class=\"vce-single-image vcv-lozad\" data-src=\"https:\/\/www.ciam82.com\/website\/wp-content\/uploads\/2021\/12\/echographie2.jpg\" width=\"350\" height=\"293\" src=\"\" data-img-src=\"https:\/\/www.ciam82.com\/website\/wp-content\/uploads\/2021\/12\/echographie2.jpg\" alt=\"\" title=\"echographie2\" \/><noscript>\n        <img loading=\"lazy\" class=\"vce-single-image\" src=\"https:\/\/www.ciam82.com\/website\/wp-content\/uploads\/2021\/12\/echographie2.jpg\" width=\"350\" height=\"293\" alt=\"\" title=\"echographie2\" \/>\n      <\/noscript><\/div><figcaption hidden=\"\"><\/figcaption><\/figure><\/div><\/div><\/div><\/div><\/div><div class=\"vce-col vce-col--md-50p vce-col--xs-1 vce-col--xs-last vce-col--xs-first vce-col--sm-last vce-col--sm-first vce-col--md-last vce-col--lg-last vce-col--xl-last\" id=\"el-ed7172b2\"><div class=\"vce-col-inner\" data-vce-do-apply=\"border margin background  el-ed7172b2\"><div class=\"vce-col-content\" data-vce-element-content=\"true\" data-vce-do-apply=\"padding el-ed7172b2\"><div class=\"vce-text-block\"><div class=\"vce-text-block-wrapper vce\" id=\"el-27941f70\" data-vce-do-apply=\"all el-27941f70\"><h2><span style=\"color: #df671e;\">Suivi de reproduction bovin et ovin<\/span><\/h2><br><blockquote>&gt; Opti\u2019Repro\u00a9 \/ Opti\u2019Gest\u00a9<br><br>&gt; Constats de gestations :<br><em>&nbsp; &nbsp; &nbsp;Palpation <\/em><br><em>&nbsp; &nbsp; \u00c9chographie<\/em><\/blockquote><\/div><\/div><\/div><\/div><\/div><\/div><\/div><\/div><div class=\"vce-row-container\" data-vce-boxed-width=\"true\"><div class=\"vce-row vce-row--col-gap-30 vce-row-equal-height vce-row-content--top\" id=\"el-8d052de0\" data-vce-do-apply=\"all el-8d052de0\"><div class=\"vce-row-content\" data-vce-element-content=\"true\"><div class=\"vce-col vce-col--md-auto vce-col--xs-1 vce-col--xs-last vce-col--xs-first vce-col--sm-last vce-col--sm-first vce-col--md-last vce-col--lg-last vce-col--xl-last vce-col--md-first vce-col--lg-first vce-col--xl-first\" id=\"el-e05f6271\"><div class=\"vce-col-inner\" data-vce-do-apply=\"border margin background  el-e05f6271\"><div class=\"vce-col-content\" data-vce-element-content=\"true\" data-vce-do-apply=\"padding el-e05f6271\"><div class=\"vce vce-separator-container vce-separator--align-center vce-separator--style-solid\" id=\"el-e411257a\" data-vce-do-apply=\"margin el-e411257a\"><div class=\"vce-separator vce-separator--color-bfc0c1 vce-separator--width-60 vce-separator--thickness-1\" data-vce-do-apply=\"border padding background  el-e411257a\"><\/div><\/div><\/div><\/div><\/div><\/div><\/div><\/div><div class=\"vce-row-container\" data-vce-boxed-width=\"true\"><div class=\"vce-row vce-row--col-gap-30 vce-row-equal-height vce-row-content--top\" id=\"el-56413a84\" data-vce-do-apply=\"all el-56413a84\"><div class=\"vce-row-content\" data-vce-element-content=\"true\"><div class=\"vce-col vce-col--md-auto vce-col--xs-1 vce-col--xs-last vce-col--xs-first vce-col--sm-last vce-col--sm-first vce-col--md-first vce-col--lg-first vce-col--xl-first\" id=\"el-c2d7142a\"><div class=\"vce-col-inner\" data-vce-do-apply=\"border margin background  el-c2d7142a\"><div class=\"vce-col-content\" data-vce-element-content=\"true\" data-vce-do-apply=\"padding el-c2d7142a\"><div class=\"vce-single-image-container vce-single-image--align-center\" data-photoswipe-gallery=\"f8269a7c\"><div class=\"vce vce-single-image-wrapper\" data-photoswipe-item=\"photoswipe-f8269a7c\" id=\"el-f8269a7c\" data-vce-do-apply=\"all el-f8269a7c\"><figure><a href=\"https:\/\/www.ciam82.com\/website\/wp-content\/uploads\/2021\/12\/genotypage.jpg\" data-photoswipe-image=\"f8269a7c\" data-photoswipe-index=\"0\" class=\"vce-single-image-inner vce-single-image--absolute\" data-pswp-uid=\"1\" style=\"padding-bottom: 67.6375%; width: 309px;\"><img loading=\"lazy\" class=\"vce-single-image vcv-lozad\" data-src=\"https:\/\/www.ciam82.com\/website\/wp-content\/uploads\/2021\/12\/genotypage.jpg\" width=\"309\" height=\"209\" src=\"\" data-img-src=\"https:\/\/www.ciam82.com\/website\/wp-content\/uploads\/2021\/12\/genotypage.jpg\" alt=\"\" title=\"genotypage\" \/><noscript>\n        <img loading=\"lazy\" class=\"vce-single-image\" src=\"https:\/\/www.ciam82.com\/website\/wp-content\/uploads\/2021\/12\/genotypage.jpg\" width=\"309\" height=\"209\" alt=\"\" title=\"genotypage\" \/>\n      <\/noscript><\/a><figcaption hidden=\"\"><\/figcaption><\/figure><\/div><\/div><\/div><\/div><\/div><div class=\"vce-col vce-col--md-auto vce-col--xs-1 vce-col--xs-last vce-col--xs-first vce-col--sm-last vce-col--sm-first vce-col--md-last vce-col--lg-last vce-col--xl-last\" id=\"el-32a453d5\"><div class=\"vce-col-inner\" data-vce-do-apply=\"border margin background  el-32a453d5\"><div class=\"vce-col-content\" data-vce-element-content=\"true\" data-vce-do-apply=\"padding el-32a453d5\"><div class=\"vce-text-block\"><div class=\"vce-text-block-wrapper vce\" id=\"el-2087d7d0\" data-vce-do-apply=\"all el-2087d7d0\"><h2><span style=\"color: #df671e;\">Transfert d\u2019embryons bovins<\/span><br><span style=\"color: #df671e;\">G\u00e9notypage<\/span><\/h2><p>&gt; Sur femelle<\/p><\/div><\/div><\/div><\/div><\/div><\/div><\/div><\/div><div class=\"vce-row-container\" data-vce-boxed-width=\"true\"><div class=\"vce-row vce-row--col-gap-30 vce-row-equal-height vce-row-content--top\" id=\"el-6d5f06a8\" data-vce-do-apply=\"all el-6d5f06a8\"><div class=\"vce-row-content\" data-vce-element-content=\"true\"><div class=\"vce-col vce-col--md-auto vce-col--xs-1 vce-col--xs-last vce-col--xs-first vce-col--sm-last vce-col--sm-first vce-col--md-last vce-col--lg-last vce-col--xl-last vce-col--md-first vce-col--lg-first vce-col--xl-first\" id=\"el-39faf716\"><div class=\"vce-col-inner\" data-vce-do-apply=\"border margin background  el-39faf716\"><div class=\"vce-col-content\" data-vce-element-content=\"true\" data-vce-do-apply=\"padding el-39faf716\"><div class=\"vce vce-separator-container vce-separator--align-center vce-separator--style-solid\" id=\"el-0bdcf078\" data-vce-do-apply=\"margin el-0bdcf078\"><div class=\"vce-separator vce-separator--color-bfc0c1 vce-separator--width-60 vce-separator--thickness-1\" data-vce-do-apply=\"border padding background  el-0bdcf078\"><\/div><\/div><\/div><\/div><\/div><\/div><\/div><\/div><div class=\"vce-row-container\" data-vce-boxed-width=\"true\"><div class=\"vce-row vce-row--col-gap-30 vce-row-equal-height vce-row-content--top\" id=\"el-8645b8c9\" data-vce-do-apply=\"all el-8645b8c9\"><div class=\"vce-row-content\" data-vce-element-content=\"true\"><div class=\"vce-col vce-col--md-auto vce-col--xs-1 vce-col--xs-last vce-col--xs-first vce-col--sm-last vce-col--sm-first vce-col--md-first vce-col--lg-first vce-col--xl-first\" id=\"el-04914765\"><div class=\"vce-col-inner\" data-vce-do-apply=\"border margin background  el-04914765\"><div class=\"vce-col-content\" data-vce-element-content=\"true\" data-vce-do-apply=\"padding el-04914765\"><div class=\"vce-single-image-container vce-single-image--align-center\" data-photoswipe-gallery=\"11c7cd81\"><div class=\"vce vce-single-image-wrapper\" data-photoswipe-item=\"photoswipe-11c7cd81\" id=\"el-11c7cd81\" data-vce-do-apply=\"all el-11c7cd81\"><figure><a href=\"https:\/\/www.ciam82.com\/website\/wp-content\/uploads\/2021\/12\/parage.jpg\" data-photoswipe-image=\"11c7cd81\" data-photoswipe-index=\"0\" class=\"vce-single-image-inner vce-single-image--absolute\" data-pswp-uid=\"1\" style=\"padding-bottom: 96.4%; width: 250px;\"><img loading=\"lazy\" class=\"vce-single-image vcv-lozad\" data-src=\"https:\/\/www.ciam82.com\/website\/wp-content\/uploads\/2021\/12\/parage.jpg\" width=\"250\" height=\"241\" src=\"\" data-img-src=\"https:\/\/www.ciam82.com\/website\/wp-content\/uploads\/2021\/12\/parage.jpg\" alt=\"\" title=\"parage\" \/><noscript>\n        <img loading=\"lazy\" class=\"vce-single-image\" src=\"https:\/\/www.ciam82.com\/website\/wp-content\/uploads\/2021\/12\/parage.jpg\" width=\"250\" height=\"241\" alt=\"\" title=\"parage\" \/>\n      <\/noscript><\/a><figcaption hidden=\"\"><\/figcaption><\/figure><\/div><\/div><\/div><\/div><\/div><div class=\"vce-col vce-col--md-auto vce-col--xs-1 vce-col--xs-last vce-col--xs-first vce-col--sm-last vce-col--sm-first vce-col--md-last vce-col--lg-last vce-col--xl-last\" id=\"el-5f1c495c\"><div class=\"vce-col-inner\" data-vce-do-apply=\"border margin background  el-5f1c495c\"><div class=\"vce-col-content\" data-vce-element-content=\"true\" data-vce-do-apply=\"padding el-5f1c495c\"><div class=\"vce-text-block\"><div class=\"vce-text-block-wrapper vce\" id=\"el-b89be948\" data-vce-do-apply=\"all el-b89be948\"><h2><span style=\"color: #df671e;\">Parage des animaux<\/span><\/h2><p>&gt; Bovins, Ovins &amp; Caprins<br>&gt; Opti\u2019Parage\u00a9<\/p><\/div><\/div><\/div><\/div><\/div><\/div><\/div><\/div><div class=\"vce-row-container\" data-vce-boxed-width=\"true\"><div class=\"vce-row vce-row--col-gap-30 vce-row-equal-height vce-row-content--top\" id=\"el-bb874f69\" data-vce-do-apply=\"all el-bb874f69\"><div class=\"vce-row-content\" data-vce-element-content=\"true\"><div class=\"vce-col vce-col--md-auto vce-col--xs-1 vce-col--xs-last vce-col--xs-first vce-col--sm-last vce-col--sm-first vce-col--md-last vce-col--lg-last vce-col--xl-last vce-col--md-first vce-col--lg-first vce-col--xl-first\" id=\"el-5f2807ad\"><div class=\"vce-col-inner\" data-vce-do-apply=\"border margin background  el-5f2807ad\"><div class=\"vce-col-content\" data-vce-element-content=\"true\" data-vce-do-apply=\"padding el-5f2807ad\"><div class=\"vce vce-separator-container vce-separator--align-center vce-separator--style-solid\" id=\"el-1cb771a4\" data-vce-do-apply=\"margin el-1cb771a4\"><div class=\"vce-separator vce-separator--color-bfc0c1 vce-separator--width-60 vce-separator--thickness-1\" data-vce-do-apply=\"border padding background  el-1cb771a4\"><\/div><\/div><\/div><\/div><\/div><\/div><\/div><\/div><div class=\"vce-row-container\" data-vce-boxed-width=\"true\"><div class=\"vce-row vce-row--col-gap-30 vce-row-equal-height vce-row-content--top\" id=\"el-87988d33\" data-vce-do-apply=\"all el-87988d33\"><div class=\"vce-row-content\" data-vce-element-content=\"true\"><div class=\"vce-col vce-col--md-auto vce-col--xs-1 vce-col--xs-last vce-col--xs-first vce-col--sm-last vce-col--sm-first vce-col--md-last vce-col--lg-last vce-col--xl-last vce-col--md-first vce-col--lg-first vce-col--xl-first\" id=\"el-7a400a00\"><div class=\"vce-col-inner\" data-vce-do-apply=\"border margin background  el-7a400a00\"><div class=\"vce-col-content\" data-vce-element-content=\"true\" data-vce-do-apply=\"padding el-7a400a00\"><\/div><\/div><\/div><\/div><\/div><\/div><div class=\"vce-row-container\" data-vce-boxed-width=\"true\"><div class=\"vce-row vce-row--col-gap-30 vce-row-equal-height vce-row-content--top\" id=\"el-af6a18e1\" data-vce-do-apply=\"all el-af6a18e1\"><div class=\"vce-row-content\" data-vce-element-content=\"true\"><div class=\"vce-col vce-col--md-auto vce-col--xs-1 vce-col--xs-last vce-col--xs-first vce-col--sm-last vce-col--sm-first vce-col--md-last vce-col--lg-last vce-col--xl-last vce-col--md-first vce-col--lg-first vce-col--xl-first\" id=\"el-30202f3f\"><div class=\"vce-col-inner\" data-vce-do-apply=\"border margin background  el-30202f3f\"><div class=\"vce-col-content\" data-vce-element-content=\"true\" data-vce-do-apply=\"padding el-30202f3f\"><div class=\"vce-row-container\" data-vce-boxed-width=\"true\"><div class=\"vce-row vce-row--col-gap-30 vce-row-equal-height vce-row-content--top\" id=\"el-af41cf1e\" data-vce-do-apply=\"all el-af41cf1e\"><div class=\"vce-row-content\" data-vce-element-content=\"true\"><div class=\"vce-col vce-col--md-auto vce-col--xs-1 vce-col--xs-last vce-col--xs-first vce-col--sm-last vce-col--sm-first vce-col--md-first vce-col--lg-first vce-col--xl-first\" id=\"el-25b26962\"><div class=\"vce-col-inner\" data-vce-do-apply=\"border margin background  el-25b26962\"><div class=\"vce-col-content\" data-vce-element-content=\"true\" data-vce-do-apply=\"padding el-25b26962\"><div class=\"vce-single-image-container vce-single-image--align-center\" data-photoswipe-gallery=\"dd9e778b\"><div class=\"vce vce-single-image-wrapper\" data-photoswipe-item=\"photoswipe-dd9e778b\" id=\"el-dd9e778b\" data-vce-do-apply=\"all el-dd9e778b\"><figure><a href=\"https:\/\/www.ciam82.com\/website\/wp-content\/uploads\/2021\/12\/synchronisation2.jpg\" data-photoswipe-image=\"dd9e778b\" data-photoswipe-index=\"0\" class=\"vce-single-image-inner vce-single-image--absolute\" data-pswp-uid=\"1\" style=\"padding-bottom: 135.422%; width: 367px;\"><img loading=\"lazy\" class=\"vce-single-image vcv-lozad\" data-src=\"https:\/\/www.ciam82.com\/website\/wp-content\/uploads\/2021\/12\/synchronisation2.jpg\" width=\"367\" height=\"497\" src=\"\" data-img-src=\"https:\/\/www.ciam82.com\/website\/wp-content\/uploads\/2021\/12\/synchronisation2.jpg\" alt=\"\" title=\"synchronisation2\" \/><noscript>\n        <img loading=\"lazy\" class=\"vce-single-image\" src=\"https:\/\/www.ciam82.com\/website\/wp-content\/uploads\/2021\/12\/synchronisation2.jpg\" width=\"367\" height=\"497\" alt=\"\" title=\"synchronisation2\" \/>\n      <\/noscript><\/a><figcaption hidden=\"\"><\/figcaption><\/figure><\/div><\/div><\/div><\/div><\/div><div class=\"vce-col vce-col--md-auto vce-col--xs-1 vce-col--xs-last vce-col--xs-first vce-col--sm-last vce-col--sm-first vce-col--md-last vce-col--lg-last vce-col--xl-last\" id=\"el-c39f0bfb\"><div class=\"vce-col-inner\" data-vce-do-apply=\"border margin background  el-c39f0bfb\"><div class=\"vce-col-content\" data-vce-element-content=\"true\" data-vce-do-apply=\"padding el-c39f0bfb\"><div class=\"vce-text-block\"><div class=\"vce-text-block-wrapper vce\" id=\"el-a419e86d\" data-vce-do-apply=\"all el-a419e86d\"><h2><span style=\"color: #df671e;\">Synchronisation de l\u2019oestrus<\/span><\/h2><p>Ma\u00eetriser les venues en chaleur des<br>animaux afifin de contr\u00f4ler les mises bas<br><strong>&gt; Bovins<\/strong><\/p><p style=\"padding-left: 40px;\">(protocole en 9\/10 jours)<br>Progestag\u00e8ne<br>GnRH<br>Prostaglandine<\/p><p><strong>&gt; Caprins<\/strong><\/p><p style=\"padding-left: 40px;\">(protocole en 13 jours)<br>\u00c9ponge progest\u00e9rone<br>Gonadotrophines<br>Prostaglandine<\/p><\/div><\/div><\/div><\/div><\/div><\/div><\/div><\/div><\/div><\/div><\/div><\/div><\/div><\/div><div class=\"vce-row-container\" data-vce-boxed-width=\"true\"><div class=\"vce-row vce-row--col-gap-30 vce-row-equal-height vce-row-content--top\" id=\"el-15186abf\" data-vce-do-apply=\"all el-15186abf\"><div class=\"vce-row-content\" data-vce-element-content=\"true\"><div class=\"vce-col vce-col--md-auto vce-col--xs-1 vce-col--xs-last vce-col--xs-first vce-col--sm-last vce-col--sm-first vce-col--md-last vce-col--lg-last vce-col--xl-last vce-col--md-first vce-col--lg-first vce-col--xl-first\" id=\"el-55562a3d\"><div class=\"vce-col-inner\" data-vce-do-apply=\"border margin background  el-55562a3d\"><div class=\"vce-col-content\" data-vce-element-content=\"true\" data-vce-do-apply=\"padding el-55562a3d\"><div class=\"vce vce-separator-container vce-separator--align-center vce-separator--style-solid\" id=\"el-bb75ada6\" data-vce-do-apply=\"margin el-bb75ada6\"><div class=\"vce-separator vce-separator--color-bfc0c1 vce-separator--width-60 vce-separator--thickness-1\" data-vce-do-apply=\"border padding background  el-bb75ada6\"><\/div><\/div><\/div><\/div><\/div><\/div><\/div><\/div><div class=\"vce-row-container\" data-vce-boxed-width=\"true\"><div class=\"vce-row vce-row--col-gap-30 vce-row-equal-height vce-row-content--top\" id=\"el-5f2fb2ab\" data-vce-do-apply=\"all el-5f2fb2ab\"><div class=\"vce-row-content\" data-vce-element-content=\"true\"><div class=\"vce-col vce-col--md-auto vce-col--xs-1 vce-col--xs-last vce-col--xs-first vce-col--sm-last vce-col--sm-first vce-col--md-last vce-col--lg-last vce-col--xl-last vce-col--md-first vce-col--lg-first vce-col--xl-first\" id=\"el-10603568\"><div class=\"vce-col-inner\" data-vce-do-apply=\"border margin background  el-10603568\"><div class=\"vce-col-content\" data-vce-element-content=\"true\" data-vce-do-apply=\"padding el-10603568\"><div class=\"vce-row-container\" data-vce-boxed-width=\"true\"><div class=\"vce-row vce-row--col-gap-30 vce-row-equal-height vce-row-content--top\" id=\"el-c687c20c\" data-vce-do-apply=\"all el-c687c20c\"><div class=\"vce-row-content\" data-vce-element-content=\"true\"><div class=\"vce-col vce-col--md-auto vce-col--xs-1 vce-col--xs-last vce-col--xs-first vce-col--sm-last vce-col--sm-first vce-col--md-first vce-col--lg-first vce-col--xl-first\" id=\"el-5f5ec876\"><div class=\"vce-col-inner\" data-vce-do-apply=\"border margin background  el-5f5ec876\"><div class=\"vce-col-content\" data-vce-element-content=\"true\" data-vce-do-apply=\"padding el-5f5ec876\"><div class=\"vce-single-image-container vce-single-image--align-center\" data-photoswipe-gallery=\"9d2007b2\"><div class=\"vce vce-single-image-wrapper\" data-photoswipe-item=\"photoswipe-9d2007b2\" id=\"el-9d2007b2\" data-vce-do-apply=\"all el-9d2007b2\"><figure><a href=\"https:\/\/www.ciam82.com\/website\/wp-content\/uploads\/2021\/12\/ecornage.jpg\" data-photoswipe-image=\"9d2007b2\" data-photoswipe-index=\"0\" class=\"vce-single-image-inner vce-single-image--absolute\" data-pswp-uid=\"1\" style=\"padding-bottom: 66.1017%; width: 413px;\"><img loading=\"lazy\" class=\"vce-single-image vcv-lozad\" data-src=\"https:\/\/www.ciam82.com\/website\/wp-content\/uploads\/2021\/12\/ecornage.jpg\" width=\"413\" height=\"273\" src=\"\" data-img-src=\"https:\/\/www.ciam82.com\/website\/wp-content\/uploads\/2021\/12\/ecornage.jpg\" alt=\"\" title=\"ecornage\" \/><noscript>\n        <img loading=\"lazy\" class=\"vce-single-image\" src=\"https:\/\/www.ciam82.com\/website\/wp-content\/uploads\/2021\/12\/ecornage.jpg\" width=\"413\" height=\"273\" alt=\"\" title=\"ecornage\" \/>\n      <\/noscript><\/a><figcaption hidden=\"\"><\/figcaption><\/figure><\/div><\/div><\/div><\/div><\/div><div class=\"vce-col vce-col--md-auto vce-col--xs-1 vce-col--xs-last vce-col--xs-first vce-col--sm-last vce-col--sm-first vce-col--md-last vce-col--lg-last vce-col--xl-last\" id=\"el-a2e5d1cc\"><div class=\"vce-col-inner\" data-vce-do-apply=\"border margin background  el-a2e5d1cc\"><div class=\"vce-col-content\" data-vce-element-content=\"true\" data-vce-do-apply=\"padding el-a2e5d1cc\"><div class=\"vce-text-block\"><div class=\"vce-text-block-wrapper vce\" id=\"el-792913dc\" data-vce-do-apply=\"all el-792913dc\"><h2><span style=\"color: #df671e;\">Ecornage<\/span><\/h2><p>Avec notre partenaire REPRO<\/p><p><img loading=\"lazy\" class=\"alignnone size-full wp-image-269\" src=\"https:\/\/www.ciam82.com\/website\/wp-content\/uploads\/2021\/12\/techna.jpg\" alt=\"\" width=\"204\" height=\"69\"><\/p><\/div><\/div><\/div><\/div><\/div><\/div><\/div><\/div><\/div><\/div><\/div><\/div><\/div><\/div><div class=\"vce-row-container\" data-vce-boxed-width=\"true\"><div class=\"vce-row vce-row--col-gap-30 vce-row-equal-height vce-row-content--top\" id=\"el-0bfe4a9f\" data-vce-do-apply=\"all el-0bfe4a9f\"><div class=\"vce-row-content\" data-vce-element-content=\"true\"><div class=\"vce-col vce-col--md-auto vce-col--xs-1 vce-col--xs-last vce-col--xs-first vce-col--sm-last vce-col--sm-first vce-col--md-last vce-col--lg-last vce-col--xl-last vce-col--md-first vce-col--lg-first vce-col--xl-first\" id=\"el-1699e137\"><div class=\"vce-col-inner\" data-vce-do-apply=\"border margin background  el-1699e137\"><div class=\"vce-col-content\" data-vce-element-content=\"true\" data-vce-do-apply=\"padding el-1699e137\"><div class=\"vce vce-separator-container vce-separator--align-center vce-separator--style-solid\" id=\"el-a96db345\" data-vce-do-apply=\"margin el-a96db345\"><div class=\"vce-separator vce-separator--color-bfc0c1 vce-separator--width-60 vce-separator--thickness-1\" data-vce-do-apply=\"border padding background  el-a96db345\"><\/div><\/div><\/div><\/div><\/div><\/div><\/div><\/div>\n","protected":false},"excerpt":{"rendered":"<p>Une large gamme de servicesAvec la CIAM, optimisez la performance de votre \u00e9levage ! Ins\u00e9mination bovine et caprine&gt;IA + 2 retours*&gt; IA \u00e0 l\u2019acte*&gt; IA profonde et IAptitude&gt; Synchronisation des chaleursTarif avec mise en place d\u00e9gressive*Aucun suppl\u00e9ment factur\u00e9 pour les I.A. lors des dimanches et jours f\u00e9ri\u00e9s Suivi de reproduction bovin et ovin&gt; Opti\u2019Repro\u00a9 \/ [&hellip;]<\/p>\n","protected":false},"author":2,"featured_media":0,"parent":0,"menu_order":0,"comment_status":"closed","ping_status":"closed","template":"tpl_others.php","meta":[],"_links":{"self":[{"href":"https:\/\/www.ciam82.com\/website\/wp-json\/wp\/v2\/pages\/34"}],"collection":[{"href":"https:\/\/www.ciam82.com\/website\/wp-json\/wp\/v2\/pages"}],"about":[{"href":"https:\/\/www.ciam82.com\/website\/wp-json\/wp\/v2\/types\/page"}],"author":[{"embeddable":true,"href":"https:\/\/www.ciam82.com\/website\/wp-json\/wp\/v2\/users\/2"}],"replies":[{"embeddable":true,"href":"https:\/\/www.ciam82.com\/website\/wp-json\/wp\/v2\/comments?post=34"}],"version-history":[{"count":16,"href":"https:\/\/www.ciam82.com\/website\/wp-json\/wp\/v2\/pages\/34\/revisions"}],"predecessor-version":[{"id":313,"href":"https:\/\/www.ciam82.com\/website\/wp-json\/wp\/v2\/pages\/34\/revisions\/313"}],"wp:attachment":[{"href":"https:\/\/www.ciam82.com\/website\/wp-json\/wp\/v2\/media?parent=34"}],"curies":[{"name":"wp","href":"https:\/\/api.w.org\/{rel}","templated":true}]}}