{"id":387,"date":"2021-12-08T07:38:30","date_gmt":"2021-12-08T06:38:30","guid":{"rendered":"https:\/\/www.ciam82.com\/website\/?page_id=387"},"modified":"2022-01-25T14:27:26","modified_gmt":"2022-01-25T13:27:26","slug":"ovin","status":"publish","type":"page","link":"https:\/\/www.ciam82.com\/website\/services\/ovin\/","title":{"rendered":"Ovin"},"content":{"rendered":"<div class=\"vce-row-container\" data-vce-boxed-width=\"true\"><div class=\"vce-row vce-row--col-gap-30 vce-row-equal-height vce-row-content--top\" id=\"el-a50d0c66\" data-vce-do-apply=\"all el-a50d0c66\"><div class=\"vce-row-content\" data-vce-element-content=\"true\"><div class=\"vce-col vce-col--md-auto vce-col--xs-1 vce-col--xs-last vce-col--xs-first vce-col--sm-last vce-col--sm-first vce-col--md-last vce-col--lg-last vce-col--xl-last vce-col--md-first vce-col--lg-first vce-col--xl-first\" id=\"el-4dc7abaf\"><div class=\"vce-col-inner\" data-vce-do-apply=\"border margin background  el-4dc7abaf\"><div class=\"vce-col-content\" data-vce-element-content=\"true\" data-vce-do-apply=\"padding el-4dc7abaf\"><div class=\"vce-text-block\"><div class=\"vce-text-block-wrapper vce\" id=\"el-e7490ebf\" data-vce-do-apply=\"all el-e7490ebf\"><h2 style=\"text-align: center;\"><span style=\"color: #ffffff;\">Deux services pour les ovins <\/span><\/h2><\/div><\/div><\/div><\/div><\/div><\/div><\/div><\/div><div class=\"vce-row-container\" data-vce-boxed-width=\"true\"><div class=\"vce-row vce-row--col-gap-30 vce-row-equal-height vce-row-content--top\" id=\"el-dcb0f7ba\" data-vce-do-apply=\"all el-dcb0f7ba\"><div class=\"vce-row-content\" data-vce-element-content=\"true\"><div class=\"vce-col vce-col--md-auto vce-col--xs-1 vce-col--xs-last vce-col--xs-first vce-col--sm-last vce-col--sm-first vce-col--md-last vce-col--lg-last vce-col--xl-last vce-col--md-first vce-col--lg-first vce-col--xl-first\" id=\"el-5f7b43b4\"><div class=\"vce-col-inner\" data-vce-do-apply=\"border margin background  el-5f7b43b4\"><div class=\"vce-col-content\" data-vce-element-content=\"true\" data-vce-do-apply=\"padding el-5f7b43b4\"><div class=\"vce-text-block\"><div class=\"vce-text-block-wrapper vce\" id=\"el-af684ba6\" data-vce-do-apply=\"all el-af684ba6\"><h2 style=\"text-align: center;\"><span style=\"font-family: Mansalva;\"><strong><span style=\"color: #00aa56;\">Avec la CIAM, optimisez la performance de votre \u00e9levage !<\/span><\/strong><\/span><\/h2><\/div><\/div><\/div><\/div><\/div><\/div><\/div><\/div><div class=\"vce-row-container\" data-vce-boxed-width=\"true\"><div class=\"vce-row vce-row--col-gap-30 vce-row-equal-height vce-row-content--top\" id=\"el-a744cdb6\" data-vce-do-apply=\"all el-a744cdb6\"><div class=\"vce-row-content\" data-vce-element-content=\"true\"><div class=\"vce-col vce-col--md-auto vce-col--xs-1 vce-col--xs-last vce-col--xs-first vce-col--sm-last vce-col--sm-first vce-col--md-first vce-col--lg-first vce-col--xl-first\" id=\"el-d4a25287\"><div class=\"vce-col-inner\" data-vce-do-apply=\"border margin background  el-d4a25287\"><div class=\"vce-col-content\" data-vce-element-content=\"true\" data-vce-do-apply=\"padding el-d4a25287\"><div class=\"vce-single-image-container vce-single-image--align-center\"><div class=\"vce vce-single-image-wrapper\" id=\"el-a0d66f84\" data-vce-do-apply=\"all el-a0d66f84\"><figure><div class=\"vce-single-image-inner vce-single-image--absolute\" style=\"padding-bottom: 105.464%; width: 366px;\"><img loading=\"lazy\" class=\"vce-single-image vcv-lozad\" data-src=\"https:\/\/www.ciam82.com\/website\/wp-content\/uploads\/2022\/01\/Insemination_ovine3.jpg\" width=\"366\" height=\"386\" src=\"\" data-img-src=\"https:\/\/www.ciam82.com\/website\/wp-content\/uploads\/2022\/01\/Insemination_ovine3.jpg\" alt=\"\" title=\"Insemination_ovine3\" \/><noscript>\n        <img loading=\"lazy\" class=\"vce-single-image\" src=\"https:\/\/www.ciam82.com\/website\/wp-content\/uploads\/2022\/01\/Insemination_ovine3.jpg\" width=\"366\" height=\"386\" alt=\"\" title=\"Insemination_ovine3\" \/>\n      <\/noscript><\/div><figcaption hidden=\"\"><\/figcaption><\/figure><\/div><\/div><\/div><\/div><\/div><div class=\"vce-col vce-col--md-auto vce-col--xs-1 vce-col--xs-last vce-col--xs-first vce-col--sm-last vce-col--sm-first vce-col--md-last vce-col--lg-last vce-col--xl-last\" id=\"el-003faeba\"><div class=\"vce-col-inner\" data-vce-do-apply=\"border margin background  el-003faeba\"><div class=\"vce-col-content\" data-vce-element-content=\"true\" data-vce-do-apply=\"padding el-003faeba\"><div class=\"vce-text-block\"><div class=\"vce-text-block-wrapper vce\" id=\"el-64f44dd5\" data-vce-do-apply=\"all el-64f44dd5\"><h2><span style=\"color: #df671e;\"> Echographie<\/span><\/h2><br><p>Contactez votre technicien form\u00e9 \u00e0 l\u2019\u00e9chographie des petits ruminants au 06.72.98.07.82<\/p><\/div><\/div><div class=\"vce-text-block\"><div class=\"vce-text-block-wrapper vce\" id=\"el-eea43a86\" data-vce-do-apply=\"all el-eea43a86\"><h2><span style=\"color: #df671e;\">Parage ovin<\/span><\/h2>\n<p>Parage ovin, contactez votre technicien au 05 63 67 47 04<\/p><\/div><\/div><\/div><\/div><\/div><\/div><\/div><\/div><div class=\"vce-row-container\" data-vce-boxed-width=\"true\"><div class=\"vce-row vce-row--col-gap-30 vce-row-equal-height vce-row-content--top\" id=\"el-18a95ab0\" data-vce-do-apply=\"all el-18a95ab0\"><div class=\"vce-row-content\" data-vce-element-content=\"true\"><div class=\"vce-col vce-col--md-auto vce-col--xs-1 vce-col--xs-last vce-col--xs-first vce-col--sm-last vce-col--sm-first vce-col--md-first vce-col--lg-first vce-col--xl-first\" id=\"el-06f2acb5\"><div class=\"vce-col-inner\" data-vce-do-apply=\"border margin background  el-06f2acb5\"><div class=\"vce-col-content\" data-vce-element-content=\"true\" data-vce-do-apply=\"padding el-06f2acb5\"><\/div><\/div><\/div><div class=\"vce-col vce-col--md-auto vce-col--xs-1 vce-col--xs-last vce-col--xs-first vce-col--sm-last vce-col--sm-first vce-col--md-last vce-col--lg-last vce-col--xl-last\" id=\"el-04bda3d1\"><div class=\"vce-col-inner\" data-vce-do-apply=\"border margin background  el-04bda3d1\"><div class=\"vce-col-content\" data-vce-element-content=\"true\" data-vce-do-apply=\"padding el-04bda3d1\"><\/div><\/div><\/div><\/div><\/div><\/div>\n","protected":false},"excerpt":{"rendered":"<p>Deux services pour les ovins Avec la CIAM, optimisez la performance de votre \u00e9levage ! EchographieContactez votre technicien form\u00e9 \u00e0 l\u2019\u00e9chographie des petits ruminants au 06.72.98.07.82Parage ovin Parage ovin, contactez votre technicien au 05 63 67 47 04<\/p>\n","protected":false},"author":2,"featured_media":0,"parent":34,"menu_order":0,"comment_status":"closed","ping_status":"closed","template":"tpl_others.php","meta":[],"_links":{"self":[{"href":"https:\/\/www.ciam82.com\/website\/wp-json\/wp\/v2\/pages\/387"}],"collection":[{"href":"https:\/\/www.ciam82.com\/website\/wp-json\/wp\/v2\/pages"}],"about":[{"href":"https:\/\/www.ciam82.com\/website\/wp-json\/wp\/v2\/types\/page"}],"author":[{"embeddable":true,"href":"https:\/\/www.ciam82.com\/website\/wp-json\/wp\/v2\/users\/2"}],"replies":[{"embeddable":true,"href":"https:\/\/www.ciam82.com\/website\/wp-json\/wp\/v2\/comments?post=387"}],"version-history":[{"count":6,"href":"https:\/\/www.ciam82.com\/website\/wp-json\/wp\/v2\/pages\/387\/revisions"}],"predecessor-version":[{"id":474,"href":"https:\/\/www.ciam82.com\/website\/wp-json\/wp\/v2\/pages\/387\/revisions\/474"}],"up":[{"embeddable":true,"href":"https:\/\/www.ciam82.com\/website\/wp-json\/wp\/v2\/pages\/34"}],"wp:attachment":[{"href":"https:\/\/www.ciam82.com\/website\/wp-json\/wp\/v2\/media?parent=387"}],"curies":[{"name":"wp","href":"https:\/\/api.w.org\/{rel}","templated":true}]}}