{"id":39,"date":"2021-11-16T06:59:24","date_gmt":"2021-11-16T05:59:24","guid":{"rendered":"https:\/\/www.ciam82.com\/website\/?page_id=39"},"modified":"2023-11-15T16:02:01","modified_gmt":"2023-11-15T15:02:01","slug":"produits","status":"publish","type":"page","link":"https:\/\/www.ciam82.com\/website\/produits\/","title":{"rendered":"Produits"},"content":{"rendered":"<div class=\"vce-row-container\" data-vce-boxed-width=\"true\"><div class=\"vce-row vce-row--col-gap-30 vce-row-equal-height vce-row-content--top\" id=\"el-64a5bb58\" data-vce-do-apply=\"all el-64a5bb58\"><div class=\"vce-row-content\" data-vce-element-content=\"true\"><div class=\"vce-col vce-col--md-auto vce-col--xs-1 vce-col--xs-last vce-col--xs-first vce-col--sm-last vce-col--sm-first vce-col--md-last vce-col--lg-last vce-col--xl-last vce-col--md-first vce-col--lg-first vce-col--xl-first\" id=\"el-2f139068\"><div class=\"vce-col-inner\" data-vce-do-apply=\"border margin background  el-2f139068\"><div class=\"vce-col-content\" data-vce-element-content=\"true\" data-vce-do-apply=\"padding el-2f139068\"><div class=\"vce-text-block\"><div class=\"vce-text-block-wrapper vce\" id=\"el-eaaba3c6\" data-vce-do-apply=\"all el-eaaba3c6\"><h2 style=\"text-align: center;\"><span style=\"color: #ffffff;\">Nos Produits<\/span><\/h2><\/div><\/div><\/div><\/div><\/div><\/div><\/div><\/div><div class=\"vce-row-container\" data-vce-boxed-width=\"true\"><div class=\"vce-row vce-row--col-gap-30 vce-row-equal-height vce-row-content--top\" id=\"el-285fe3a2\" data-vce-do-apply=\"all el-285fe3a2\"><div class=\"vce-row-content\" data-vce-element-content=\"true\"><div class=\"vce-col vce-col--md-auto vce-col--xs-1 vce-col--xs-last vce-col--xs-first vce-col--sm-last vce-col--sm-first vce-col--md-first vce-col--lg-first vce-col--xl-first\" id=\"el-02571db4\"><div class=\"vce-col-inner\" data-vce-do-apply=\"border margin background  el-02571db4\"><div class=\"vce-col-content\" data-vce-element-content=\"true\" data-vce-do-apply=\"padding el-02571db4\"><div class=\"vce-single-image-container vce-single-image--align-center\"><div class=\"vce vce-single-image-wrapper\" id=\"el-f0b3e3c3\" data-vce-do-apply=\"all el-f0b3e3c3\"><figure><div class=\"vce-single-image-inner vce-single-image--absolute\" style=\"padding-bottom: 75%; width: 600px;\"><img class=\"vce-single-image\" src=\"https:\/\/www.ciam82.com\/website\/wp-content\/uploads\/2021\/12\/100OLYMP-P1010001_P1010001d.jpg\" data-img-src=\"https:\/\/www.ciam82.com\/website\/wp-content\/uploads\/2021\/12\/100OLYMP-P1010001_P1010001d.jpg\" alt=\"\" title=\"100OLYMP-P1010001_P1010001d\"><\/div><figcaption hidden=\"\"><\/figcaption><\/figure><\/div><\/div><div class=\"vce-single-image-container vce-single-image--align-center\"><div class=\"vce vce-single-image-wrapper\" id=\"el-7ee23e5b\" data-vce-do-apply=\"all el-7ee23e5b\"><figure><div class=\"vce-single-image-inner vce-single-image--absolute\" style=\"padding-bottom: 27.1667%; width: 600px;\"><img loading=\"lazy\" class=\"vce-single-image vcv-lozad\" data-src=\"https:\/\/www.ciam82.com\/website\/wp-content\/uploads\/2021\/12\/100OLYMP-P1010005_P1010005d.jpg\" width=\"600\" height=\"163\" src=\"\" data-img-src=\"https:\/\/www.ciam82.com\/website\/wp-content\/uploads\/2021\/12\/100OLYMP-P1010005_P1010005d.jpg\" alt=\"\" title=\"\" \/><noscript>\n        <img loading=\"lazy\" class=\"vce-single-image\" src=\"https:\/\/www.ciam82.com\/website\/wp-content\/uploads\/2021\/12\/100OLYMP-P1010005_P1010005d.jpg\" width=\"600\" height=\"163\" alt=\"\" title=\"\" \/>\n      <\/noscript><\/div><figcaption hidden=\"\"><\/figcaption><\/figure><\/div><\/div><\/div><\/div><\/div><div class=\"vce-col vce-col--md-auto vce-col--xs-1 vce-col--xs-last vce-col--xs-first vce-col--sm-last vce-col--sm-first vce-col--md-last vce-col--lg-last vce-col--xl-last\" id=\"el-224a03ac\"><div class=\"vce-col-inner\" data-vce-do-apply=\"border margin background  el-224a03ac\"><div class=\"vce-col-content\" data-vce-element-content=\"true\" data-vce-do-apply=\"padding el-224a03ac\"><div class=\"vce-text-block\"><div class=\"vce-text-block-wrapper vce\" id=\"el-b1fc66e3\" data-vce-do-apply=\"all el-b1fc66e3\"><h2><span style=\"color: #df671e;\">Fourniture de semences<\/span><\/h2>\n<p>Adh\u00e9rent \u00e0 AURIVA ELEVAGE, la CIAM a acc\u00e8s \u00e0 une large gamme g\u00e9n\u00e9tique r\u00e9pondant aux besoins des \u00e9leveurs.<\/p>\n<p>Acc\u00e8s aux ressources g\u00e9n\u00e9tiques en doses conventionnelles et sex\u00e9es.<\/p>\n<p>Doses sex\u00e9es femelles sur races laiti\u00e8res et allaitantes, doses sex\u00e9es m\u00e2les sur certaines races allaitantes.<\/p>\n<p>Demandez le catalogue \u00e0 votre technicien !<\/p><\/div><\/div><div class=\"vce-single-image-container vce-single-image--align-center\"><div class=\"vce vce-single-image-wrapper\" id=\"el-5f0a69f3\" data-vce-do-apply=\"all el-5f0a69f3\"><figure><a href=\"https:\/\/auriva-elevage.fr\" title=\"\" target=\"_blank\" class=\"vce-single-image-inner vce-single-image--absolute\" style=\"padding-bottom: 89.3333%; width: 300px;\" rel=\"noopener\"><img loading=\"lazy\" class=\"vce-single-image vcv-lozad\" data-src=\"https:\/\/www.ciam82.com\/website\/wp-content\/uploads\/2021\/12\/Auriva_logo.png\" width=\"300\" height=\"268\" src=\"\" data-img-src=\"https:\/\/www.ciam82.com\/website\/wp-content\/uploads\/2021\/12\/Auriva_logo.png\" alt=\"\" title=\"Auriva_logo\" \/><noscript>\n        <img loading=\"lazy\" class=\"vce-single-image\" src=\"https:\/\/www.ciam82.com\/website\/wp-content\/uploads\/2021\/12\/Auriva_logo.png\" width=\"300\" height=\"268\" alt=\"\" title=\"Auriva_logo\" \/>\n      <\/noscript><\/a><figcaption hidden=\"\"><\/figcaption><\/figure><\/div><\/div><div class=\"vce-text-block\"><div class=\"vce-text-block-wrapper vce\" id=\"el-c2dca507\" data-vce-do-apply=\"all el-c2dca507\"><h4 style=\"text-align: center;\">&nbsp;<a href=\"https:\/\/nos-taureaux.auriva-elevage.fr\/trouver-le-bon-taureau\" target=\"_blank\" rel=\"noopener\">Trouvez le bon taureau !&nbsp;<\/a><\/h4><\/div><\/div><\/div><\/div><\/div><\/div><\/div><\/div><div class=\"vce-row-container\" data-vce-boxed-width=\"true\"><div class=\"vce-row vce-row--col-gap-30 vce-row-equal-height vce-row-content--top vcv-state--show-resizer\" id=\"el-95e478b9\" data-vce-do-apply=\"all el-95e478b9\"><div class=\"vce-row-content\" data-vce-element-content=\"true\"><div class=\"vce-col vce-col--md-auto vce-col--xs-1 vce-col--xs-last vce-col--xs-first vce-col--sm-last vce-col--sm-first vce-col--md-first vce-col--lg-first vce-col--xl-first\" id=\"el-210938d9\"><div class=\"vce-col-inner\" data-vce-do-apply=\"border margin background  el-210938d9\"><div class=\"vce-col-content\" data-vce-element-content=\"true\" data-vce-do-apply=\"padding el-210938d9\"><div class=\"vce-single-image-container vce-single-image--align-center\"><div class=\"vce vce-single-image-wrapper\" id=\"el-03ea7bd6\" data-vce-do-apply=\"all el-03ea7bd6\"><figure><a href=\"https:\/\/www.ciam82.com\/website\/wp-content\/uploads\/2021\/12\/Brochure_Smartvel_12p_EVOLUTION.pdf\" title=\"\" target=\"_blank\" class=\"vce-single-image-inner vce-single-image--absolute\" style=\"padding-bottom: 99.6667%; width: 600px;\" rel=\"noopener\"><img loading=\"lazy\" class=\"vce-single-image vcv-lozad\" data-src=\"https:\/\/www.ciam82.com\/website\/wp-content\/uploads\/2021\/12\/smartVel_2021-12-07-165700.jpg\" width=\"600\" height=\"598\" src=\"\" data-img-src=\"https:\/\/www.ciam82.com\/website\/wp-content\/uploads\/2021\/12\/smartVel_2021-12-07-165700.jpg\" alt=\"\" title=\"smartVel_2021-12-07 165700\" \/><noscript>\n        <img loading=\"lazy\" class=\"vce-single-image\" src=\"https:\/\/www.ciam82.com\/website\/wp-content\/uploads\/2021\/12\/smartVel_2021-12-07-165700.jpg\" width=\"600\" height=\"598\" alt=\"\" title=\"smartVel_2021-12-07 165700\" \/>\n      <\/noscript><\/a><figcaption hidden=\"\"><\/figcaption><\/figure><\/div><\/div><\/div><\/div><\/div><div class=\"vce-col vce-col--md-auto vce-col--xs-1 vce-col--xs-last vce-col--xs-first vce-col--sm-last vce-col--sm-first vce-col--md-last vce-col--lg-last vce-col--xl-last\" id=\"el-1ff3235e\"><div class=\"vce-col-inner\" data-vce-do-apply=\"border margin background  el-1ff3235e\"><div class=\"vce-col-content\" data-vce-element-content=\"true\" data-vce-do-apply=\"padding el-1ff3235e\"><div class=\"vce-text-block\"><div class=\"vce-text-block-wrapper vce\" id=\"el-bf7e8672\" data-vce-do-apply=\"all el-bf7e8672\"><h2><span style=\"color: #df671e;\">Monitoring<\/span><\/h2><br><p><br><br>&gt; <strong>SmartVel<\/strong><sup>\u00a9<\/sup> : outil de d\u00e9tection des v\u00ealages<br><br>&gt; <strong>SenseHub<\/strong><sup>TM<\/sup>&nbsp;: outil de suivi de la reproduction, de la sant\u00e9, de la nutrition et du bien-\u00eatre.<\/p><br><p>Gr\u00e2ce \u00e0 la gamme compl\u00e8te de ses partenaires, la CIAM permet aux \u00e9leveurs de :<\/p><br><ul style=\"list-style-type: disc;\"><br>\t<li>Am\u00e9liorer les r\u00e9sultats techniques et \u00e9conomiques.<\/li><br>\t<li>Gagner du temps.<\/li><br>\t<li>R\u00e9duire le stress.<\/li><br>\t<li>Avoir plus de confort au travail.<\/li><br><\/ul><br><p>Contactez votre technicien au au 06.89.62.55.48 et 06.72.98.07.82.<\/p><\/div><\/div><div class=\"vce-single-image-container vce-single-image--align-left\"><div class=\"vce vce-single-image-wrapper\" id=\"el-184177d6\" data-vce-do-apply=\"all el-184177d6\"><figure><div class=\"vce-single-image-inner vce-single-image--absolute\" style=\"padding-bottom: 23.3333%; width: 600px;\"><img loading=\"lazy\" class=\"vce-single-image vcv-lozad\" data-src=\"https:\/\/www.ciam82.com\/website\/wp-content\/uploads\/2023\/11\/smartvel4b.png\" width=\"600\" height=\"140\" src=\"\" data-img-src=\"https:\/\/www.ciam82.com\/website\/wp-content\/uploads\/2023\/11\/smartvel4b.png\" alt=\"\" title=\"smartvel4b\" \/><noscript>\n        <img loading=\"lazy\" class=\"vce-single-image\" src=\"https:\/\/www.ciam82.com\/website\/wp-content\/uploads\/2023\/11\/smartvel4b.png\" width=\"600\" height=\"140\" alt=\"\" title=\"smartvel4b\" \/>\n      <\/noscript><\/div><figcaption hidden=\"\"><\/figcaption><\/figure><\/div><\/div><div class=\"vce-button--style-basic-container vce-button--style-basic-container--align-center\"><span class=\"vce-button--style-basic-wrapper vce\" id=\"el-c4047613\" data-vce-do-apply=\"margin el-c4047613\"><a class=\"vce-button--style-basic vce-button--style-basic--border-square vce-button--style-basic--size-medium vce-button--style-basic--color-b-223-103-30--fff\" href=\"https:\/\/www.ciam82.com\/website\/wp-content\/uploads\/2021\/12\/Brochure_Smartvel_12p_EVOLUTION.pdf\" title=\"\" target=\"_blank\" data-vce-do-apply=\"padding border background  el-c4047613\" rel=\"noopener\">T\u00e9l\u00e9charger la brochure<\/a><\/span><\/div><\/div><\/div><\/div><\/div><\/div><\/div><div class=\"vce-row-container\" data-vce-boxed-width=\"true\"><div class=\"vce-row vce-row--col-gap-30 vce-row-equal-height vce-row-content--top\" id=\"el-1d0b832f\" data-vce-do-apply=\"all el-1d0b832f\"><div class=\"vce-row-content\" data-vce-element-content=\"true\"><div class=\"vce-col vce-col--md-auto vce-col--xs-1 vce-col--xs-last vce-col--xs-first vce-col--sm-last vce-col--sm-first vce-col--md-first vce-col--lg-first vce-col--xl-first\" id=\"el-28794480\"><div class=\"vce-col-inner\" data-vce-do-apply=\"border margin background  el-28794480\"><div class=\"vce-col-content\" data-vce-element-content=\"true\" data-vce-do-apply=\"padding el-28794480\"><div class=\"vce-single-image-container vce-single-image--align-center\"><div class=\"vce vce-single-image-wrapper\" id=\"el-7a4b8988\" data-vce-do-apply=\"all el-7a4b8988\"><figure><a href=\"https:\/\/www.ciam82.com\/website\/wp-content\/uploads\/2021\/12\/NAT_PLAQUETTE_FR_LIGNE_REPRODUCTION_PLANCHE.pdf\" title=\"\" target=\"_blank\" class=\"vce-single-image-inner vce-single-image--absolute\" style=\"padding-bottom: 99.6672%; width: 601px;\" rel=\"noopener\"><img loading=\"lazy\" class=\"vce-single-image vcv-lozad\" data-src=\"https:\/\/www.ciam82.com\/website\/wp-content\/uploads\/2021\/12\/brochure_natual.jpg\" width=\"601\" height=\"599\" src=\"\" data-img-src=\"https:\/\/www.ciam82.com\/website\/wp-content\/uploads\/2021\/12\/brochure_natual.jpg\" alt=\"\" title=\"brochure_natual\" \/><noscript>\n        <img loading=\"lazy\" class=\"vce-single-image\" src=\"https:\/\/www.ciam82.com\/website\/wp-content\/uploads\/2021\/12\/brochure_natual.jpg\" width=\"601\" height=\"599\" alt=\"\" title=\"brochure_natual\" \/>\n      <\/noscript><\/a><figcaption hidden=\"\"><\/figcaption><\/figure><\/div><\/div><\/div><\/div><\/div><div class=\"vce-col vce-col--md-auto vce-col--xs-1 vce-col--xs-last vce-col--xs-first vce-col--sm-last vce-col--sm-first vce-col--md-last vce-col--lg-last vce-col--xl-last\" id=\"el-b4d4a30c\"><div class=\"vce-col-inner\" data-vce-do-apply=\"border margin background  el-b4d4a30c\"><div class=\"vce-col-content\" data-vce-element-content=\"true\" data-vce-do-apply=\"padding el-b4d4a30c\"><div class=\"vce-text-block\"><div class=\"vce-text-block-wrapper vce\" id=\"el-e12ea9c9\" data-vce-do-apply=\"all el-e12ea9c9\"><h2><span style=\"color: #df671e;\">Notre partenaire repro, Natual <\/span><\/h2>\n<p>D\u00e9couvrez la gamme reproduction Natual, des sp\u00e9cialit\u00e9s nutritionnelles pour soutenir la reproduction dans vos \u00e9levages.<\/p><\/div><\/div><div class=\"vce-single-image-container vce-single-image--align-left\"><div class=\"vce vce-single-image-wrapper\" id=\"el-6e057972\" data-vce-do-apply=\"all el-6e057972\"><figure><a href=\"https:\/\/www.natual-techna.com\/fr\/specialites?cat=556\" title=\"\" target=\"_blank\" class=\"vce-single-image-inner vce-single-image--absolute\" style=\"padding-bottom: 19.0083%; width: 726px;\" rel=\"noopener\"><img loading=\"lazy\" class=\"vce-single-image vcv-lozad\" data-src=\"https:\/\/www.ciam82.com\/website\/wp-content\/uploads\/2021\/12\/logo_natual.png\" width=\"726\" height=\"138\" src=\"\" data-img-src=\"https:\/\/www.ciam82.com\/website\/wp-content\/uploads\/2021\/12\/logo_natual.png\" alt=\"\" title=\"logo_natual\" \/><noscript>\n        <img loading=\"lazy\" class=\"vce-single-image\" src=\"https:\/\/www.ciam82.com\/website\/wp-content\/uploads\/2021\/12\/logo_natual.png\" width=\"726\" height=\"138\" alt=\"\" title=\"logo_natual\" \/>\n      <\/noscript><\/a><figcaption hidden=\"\"><\/figcaption><\/figure><\/div><\/div><div class=\"vce-button--style-basic-container vce-button--style-basic-container--align-center\"><span class=\"vce-button--style-basic-wrapper vce\" id=\"el-0ed220e6\" data-vce-do-apply=\"margin el-0ed220e6\"><a class=\"vce-button--style-basic vce-button--style-basic--border-square vce-button--style-basic--size-medium vce-button--style-basic--color-b-223-103-30--fff\" href=\"https:\/\/www.ciam82.com\/website\/wp-content\/uploads\/2021\/12\/NAT_PLAQUETTE_FR_LIGNE_REPRODUCTION_PLANCHE.pdf\" title=\"\" target=\"_blank\" data-vce-do-apply=\"padding border background  el-0ed220e6\" rel=\"noopener\">T\u00e9l\u00e9charger la brochure<\/a><\/span><\/div><div class=\"vce-text-block\"><div class=\"vce-text-block-wrapper vce\" id=\"el-56db7dd9\" data-vce-do-apply=\"all el-56db7dd9\"><h2><span style=\"color: #df671e;\">Consommables <\/span><\/h2>\n<p>A disposition des \u00e9leveurs, consommables pour l\u2019ins\u00e9mination animale et l\u2019\u00e9levage.<\/p>\n<p><strong>Contactez le secr\u00e9tariat au<\/strong> 05.63.67.47.04.<\/p><\/div><\/div><\/div><\/div><\/div><\/div><\/div><\/div>\n","protected":false},"excerpt":{"rendered":"<p>Nos Produits Fourniture de semences Adh\u00e9rent \u00e0 AURIVA ELEVAGE, la CIAM a acc\u00e8s \u00e0 une large gamme g\u00e9n\u00e9tique r\u00e9pondant aux besoins des \u00e9leveurs. Acc\u00e8s aux ressources g\u00e9n\u00e9tiques en doses conventionnelles et sex\u00e9es. Doses sex\u00e9es femelles sur races laiti\u00e8res et allaitantes, doses sex\u00e9es m\u00e2les sur certaines races allaitantes. Demandez le catalogue \u00e0 votre technicien ! &nbsp;Trouvez [&hellip;]<\/p>\n","protected":false},"author":2,"featured_media":0,"parent":0,"menu_order":0,"comment_status":"closed","ping_status":"closed","template":"tpl_others.php","meta":[],"_links":{"self":[{"href":"https:\/\/www.ciam82.com\/website\/wp-json\/wp\/v2\/pages\/39"}],"collection":[{"href":"https:\/\/www.ciam82.com\/website\/wp-json\/wp\/v2\/pages"}],"about":[{"href":"https:\/\/www.ciam82.com\/website\/wp-json\/wp\/v2\/types\/page"}],"author":[{"embeddable":true,"href":"https:\/\/www.ciam82.com\/website\/wp-json\/wp\/v2\/users\/2"}],"replies":[{"embeddable":true,"href":"https:\/\/www.ciam82.com\/website\/wp-json\/wp\/v2\/comments?post=39"}],"version-history":[{"count":36,"href":"https:\/\/www.ciam82.com\/website\/wp-json\/wp\/v2\/pages\/39\/revisions"}],"predecessor-version":[{"id":506,"href":"https:\/\/www.ciam82.com\/website\/wp-json\/wp\/v2\/pages\/39\/revisions\/506"}],"wp:attachment":[{"href":"https:\/\/www.ciam82.com\/website\/wp-json\/wp\/v2\/media?parent=39"}],"curies":[{"name":"wp","href":"https:\/\/api.w.org\/{rel}","templated":true}]}}