{"id":392,"date":"2021-12-08T10:18:16","date_gmt":"2021-12-08T09:18:16","guid":{"rendered":"https:\/\/www.ciam82.com\/website\/?page_id=392"},"modified":"2022-01-27T14:55:28","modified_gmt":"2022-01-27T13:55:28","slug":"caprin","status":"publish","type":"page","link":"https:\/\/www.ciam82.com\/website\/services\/caprin\/","title":{"rendered":"Caprin"},"content":{"rendered":"<div class=\"vce-row-container\" data-vce-boxed-width=\"true\"><div class=\"vce-row vce-row--col-gap-30 vce-row-equal-height vce-row-content--top\" id=\"el-f9f2d8e1\" data-vce-do-apply=\"all el-f9f2d8e1\"><div class=\"vce-row-content\" data-vce-element-content=\"true\"><div class=\"vce-col vce-col--md-auto vce-col--xs-1 vce-col--xs-last vce-col--xs-first vce-col--sm-last vce-col--sm-first vce-col--md-last vce-col--lg-last vce-col--xl-last vce-col--md-first vce-col--lg-first vce-col--xl-first\" id=\"el-87e32bed\"><div class=\"vce-col-inner\" data-vce-do-apply=\"border margin background  el-87e32bed\"><div class=\"vce-col-content\" data-vce-element-content=\"true\" data-vce-do-apply=\"padding el-87e32bed\"><div class=\"vce-text-block\"><div class=\"vce-text-block-wrapper vce\" id=\"el-dd588b95\" data-vce-do-apply=\"all el-dd588b95\"><h2 style=\"text-align: center;\"><span style=\"color: #ffffff;\">Une gamme de services pour caprins<\/span><\/h2><\/div><\/div><\/div><\/div><\/div><\/div><\/div><\/div><div class=\"vce-row-container\" data-vce-boxed-width=\"true\"><div class=\"vce-row vce-row--col-gap-30 vce-row-equal-height vce-row-content--top\" id=\"el-931dc079\" data-vce-do-apply=\"all el-931dc079\"><div class=\"vce-row-content\" data-vce-element-content=\"true\"><div class=\"vce-col vce-col--md-auto vce-col--xs-1 vce-col--xs-last vce-col--xs-first vce-col--sm-last vce-col--sm-first vce-col--md-last vce-col--lg-last vce-col--xl-last vce-col--md-first vce-col--lg-first vce-col--xl-first\" id=\"el-d04dbc98\"><div class=\"vce-col-inner\" data-vce-do-apply=\"border margin background  el-d04dbc98\"><div class=\"vce-col-content\" data-vce-element-content=\"true\" data-vce-do-apply=\"padding el-d04dbc98\"><div class=\"vce-text-block\"><div class=\"vce-text-block-wrapper vce\" id=\"el-758454f7\" data-vce-do-apply=\"all el-758454f7\"><\/div><\/div><div class=\"vce-text-block\"><div class=\"vce-text-block-wrapper vce\" id=\"el-d2f40070\" data-vce-do-apply=\"all el-d2f40070\"><h2 style=\"text-align: center;\"><span style=\"font-family: Mansalva;\"><strong><span style=\"color: #00aa56;\">Avec la CIAM, optimisez la performance de votre \u00e9levage !<\/span><\/strong><\/span><\/h2><\/div><\/div><\/div><\/div><\/div><\/div><\/div><\/div><div class=\"vce-row-container\" data-vce-boxed-width=\"true\"><div class=\"vce-row vce-row--col-gap-30 vce-row-equal-height vce-row-content--top\" id=\"el-b6e452dd\" data-vce-do-apply=\"all el-b6e452dd\"><div class=\"vce-row-content\" data-vce-element-content=\"true\"><div class=\"vce-col vce-col--md-auto vce-col--xs-1 vce-col--xs-last vce-col--xs-first vce-col--sm-last vce-col--sm-first vce-col--md-first vce-col--lg-first vce-col--xl-first\" id=\"el-ef22f9e3\"><div class=\"vce-col-inner\" data-vce-do-apply=\"border margin background  el-ef22f9e3\"><div class=\"vce-col-content\" data-vce-element-content=\"true\" data-vce-do-apply=\"padding el-ef22f9e3\"><div class=\"vce-single-image-container vce-single-image--align-center\"><div class=\"vce vce-single-image-wrapper\" id=\"el-7ff4b201\" data-vce-do-apply=\"all el-7ff4b201\"><figure><div class=\"vce-single-image-inner vce-single-image--absolute\" style=\"padding-bottom: 81.9672%; width: 366px;\"><img loading=\"lazy\" class=\"vce-single-image vcv-lozad\" data-src=\"https:\/\/www.ciam82.com\/website\/wp-content\/uploads\/2022\/01\/Insemination_caprine2.jpg\" width=\"366\" height=\"300\" src=\"\" data-img-src=\"https:\/\/www.ciam82.com\/website\/wp-content\/uploads\/2022\/01\/Insemination_caprine2.jpg\" alt=\"\" title=\"Insemination_caprine2\" \/><noscript>\n        <img loading=\"lazy\" class=\"vce-single-image\" src=\"https:\/\/www.ciam82.com\/website\/wp-content\/uploads\/2022\/01\/Insemination_caprine2.jpg\" width=\"366\" height=\"300\" alt=\"\" title=\"Insemination_caprine2\" \/>\n      <\/noscript><\/div><figcaption hidden=\"\"><\/figcaption><\/figure><\/div><\/div><\/div><\/div><\/div><div class=\"vce-col vce-col--md-auto vce-col--xs-1 vce-col--xs-last vce-col--xs-first vce-col--sm-last vce-col--sm-first vce-col--md-last vce-col--lg-last vce-col--xl-last\" id=\"el-90c0213a\"><div class=\"vce-col-inner\" data-vce-do-apply=\"border margin background  el-90c0213a\"><div class=\"vce-col-content\" data-vce-element-content=\"true\" data-vce-do-apply=\"padding el-90c0213a\"><div class=\"vce-text-block\"><div class=\"vce-text-block-wrapper vce\" id=\"el-b287314f\" data-vce-do-apply=\"all el-b287314f\"><h2><span style=\"color: #df671e;\">Ins\u00e9mination caprine<\/span><\/h2>\n<p>Ins\u00e9mination sur synchronisation de l\u2019oestrus.<\/p>\n<p>Organisation des chantiers en amont avec votre technicien.<\/p>\n<p>Acc\u00e8s aux ressources g\u00e9n\u00e9tiques <a href=\"https:\/\/genesavenir.capgenes.fr\/\" target=\"_blank\" rel=\"noopener\">Capgenes<\/a>.<\/p>\n<p>&nbsp;<\/p><\/div><\/div><\/div><\/div><\/div><\/div><\/div><\/div><div class=\"vce-row-container\" data-vce-boxed-width=\"true\"><div class=\"vce-row vce-row--col-gap-30 vce-row-equal-height vce-row-content--top\" id=\"el-29bb3ef2\" data-vce-do-apply=\"all el-29bb3ef2\"><div class=\"vce-row-content\" data-vce-element-content=\"true\"><div class=\"vce-col vce-col--md-auto vce-col--xs-1 vce-col--xs-last vce-col--xs-first vce-col--sm-last vce-col--sm-first vce-col--md-first vce-col--lg-first vce-col--xl-first\" id=\"el-002c1580\"><div class=\"vce-col-inner\" data-vce-do-apply=\"border margin background  el-002c1580\"><div class=\"vce-col-content\" data-vce-element-content=\"true\" data-vce-do-apply=\"padding el-002c1580\"><div class=\"vce-single-image-container vce-single-image--align-center\"><div class=\"vce vce-single-image-wrapper\" id=\"el-cd216e6d\" data-vce-do-apply=\"all el-cd216e6d\"><figure><div class=\"vce-single-image-inner vce-single-image--absolute\" style=\"padding-bottom: 81.9672%; width: 366px;\"><img loading=\"lazy\" class=\"vce-single-image vcv-lozad\" data-src=\"https:\/\/www.ciam82.com\/website\/wp-content\/uploads\/2022\/01\/echographie_caprine2.jpg\" width=\"366\" height=\"300\" src=\"\" data-img-src=\"https:\/\/www.ciam82.com\/website\/wp-content\/uploads\/2022\/01\/echographie_caprine2.jpg\" alt=\"\" title=\"echographie_caprine2\" \/><noscript>\n        <img loading=\"lazy\" class=\"vce-single-image\" src=\"https:\/\/www.ciam82.com\/website\/wp-content\/uploads\/2022\/01\/echographie_caprine2.jpg\" width=\"366\" height=\"300\" alt=\"\" title=\"echographie_caprine2\" \/>\n      <\/noscript><\/div><figcaption hidden=\"\"><\/figcaption><\/figure><\/div><\/div><\/div><\/div><\/div><div class=\"vce-col vce-col--md-auto vce-col--xs-1 vce-col--xs-last vce-col--xs-first vce-col--sm-last vce-col--sm-first vce-col--md-last vce-col--lg-last vce-col--xl-last\" id=\"el-e3e53e88\"><div class=\"vce-col-inner\" data-vce-do-apply=\"border margin background  el-e3e53e88\"><div class=\"vce-col-content\" data-vce-element-content=\"true\" data-vce-do-apply=\"padding el-e3e53e88\"><div class=\"vce-text-block\"><div class=\"vce-text-block-wrapper vce\" id=\"el-0b35961b\" data-vce-do-apply=\"all el-0b35961b\"><h2><span style=\"color: #df671e;\"> Echographie<\/span><\/h2>\n<p>Contactez votre technicien form\u00e9 \u00e0 l\u2019\u00e9chographie des petits ruminants au 06.72.98.07.82<\/p><\/div><\/div><\/div><\/div><\/div><\/div><\/div><\/div><div class=\"vce-row-container\" data-vce-boxed-width=\"true\"><div class=\"vce-row vce-row--col-gap-30 vce-row-equal-height vce-row-content--top\" id=\"el-e6522715\" data-vce-do-apply=\"all el-e6522715\"><div class=\"vce-row-content\" data-vce-element-content=\"true\"><div class=\"vce-col vce-col--md-auto vce-col--xs-1 vce-col--xs-last vce-col--xs-first vce-col--sm-last vce-col--sm-first vce-col--md-first vce-col--lg-first vce-col--xl-first\" id=\"el-0eb10a0c\"><div class=\"vce-col-inner\" data-vce-do-apply=\"border margin background  el-0eb10a0c\"><div class=\"vce-col-content\" data-vce-element-content=\"true\" data-vce-do-apply=\"padding el-0eb10a0c\"><\/div><\/div><\/div><div class=\"vce-col vce-col--md-auto vce-col--xs-1 vce-col--xs-last vce-col--xs-first vce-col--sm-last vce-col--sm-first vce-col--md-last vce-col--lg-last vce-col--xl-last\" id=\"el-2991b142\"><div class=\"vce-col-inner\" data-vce-do-apply=\"border margin background  el-2991b142\"><div class=\"vce-col-content\" data-vce-element-content=\"true\" data-vce-do-apply=\"padding el-2991b142\"><div class=\"vce-text-block\"><div class=\"vce-text-block-wrapper vce\" id=\"el-33ab356d\" data-vce-do-apply=\"all el-33ab356d\"><h2><span style=\"color: #df671e;\">Parage caprin<\/span><\/h2>\n<p>Parage caprin, contactez votre technicien au 05 63 67 47 04<\/p><\/div><\/div><\/div><\/div><\/div><\/div><\/div><\/div>\n","protected":false},"excerpt":{"rendered":"<p>Une gamme de services pour caprinsAvec la CIAM, optimisez la performance de votre \u00e9levage ! Ins\u00e9mination caprine Ins\u00e9mination sur synchronisation de l\u2019oestrus. Organisation des chantiers en amont avec votre technicien. Acc\u00e8s aux ressources g\u00e9n\u00e9tiques Capgenes. &nbsp; Echographie Contactez votre technicien form\u00e9 \u00e0 l\u2019\u00e9chographie des petits ruminants au 06.72.98.07.82Parage caprin Parage caprin, contactez votre technicien au [&hellip;]<\/p>\n","protected":false},"author":2,"featured_media":0,"parent":34,"menu_order":0,"comment_status":"closed","ping_status":"closed","template":"tpl_others.php","meta":[],"_links":{"self":[{"href":"https:\/\/www.ciam82.com\/website\/wp-json\/wp\/v2\/pages\/392"}],"collection":[{"href":"https:\/\/www.ciam82.com\/website\/wp-json\/wp\/v2\/pages"}],"about":[{"href":"https:\/\/www.ciam82.com\/website\/wp-json\/wp\/v2\/types\/page"}],"author":[{"embeddable":true,"href":"https:\/\/www.ciam82.com\/website\/wp-json\/wp\/v2\/users\/2"}],"replies":[{"embeddable":true,"href":"https:\/\/www.ciam82.com\/website\/wp-json\/wp\/v2\/comments?post=392"}],"version-history":[{"count":11,"href":"https:\/\/www.ciam82.com\/website\/wp-json\/wp\/v2\/pages\/392\/revisions"}],"predecessor-version":[{"id":478,"href":"https:\/\/www.ciam82.com\/website\/wp-json\/wp\/v2\/pages\/392\/revisions\/478"}],"up":[{"embeddable":true,"href":"https:\/\/www.ciam82.com\/website\/wp-json\/wp\/v2\/pages\/34"}],"wp:attachment":[{"href":"https:\/\/www.ciam82.com\/website\/wp-json\/wp\/v2\/media?parent=392"}],"curies":[{"name":"wp","href":"https:\/\/api.w.org\/{rel}","templated":true}]}}